{"id":14529,"date":"2024-01-23T03:30:24","date_gmt":"2024-01-23T03:30:24","guid":{"rendered":"https:\/\/seychelles.ca\/fr\/?post_type=product&#038;p=14529"},"modified":"2024-01-27T00:47:55","modified_gmt":"2024-01-27T00:47:55","slug":"qca-spas-e550","status":"publish","type":"product","link":"https:\/\/seychelles.ca\/fr\/product\/qca-spas-e550\/","title":{"rendered":"QCA Spas E550"},"content":{"rendered":"<p>QCA Spas E550, un spa spacieux pouvant accueillir jusqu&#8217;\u00e0 5 \u00e0 6 personnes avec 45 jets. Ce spa est livr\u00e9 avec un couvercle isol\u00e9 verrouillable et une armoire qui conserve son bel aspect de bois ann\u00e9e apr\u00e8s ann\u00e9e sans entretien. Tous nos spas b\u00e9n\u00e9ficient de notre garantie compl\u00e8te et passent une inspection en 50 points pour garantir qu&#8217;ils fonctionneront parfaitement dans votre maison.<\/p>\n<p><strong>Composants de qualit\u00e9<\/strong><br \/>\nCon\u00e7u avec go\u00fbt avec une armoire Weather Guard\u2122 sans entretien, ce spa compl\u00e8tera n&#8217;importe quel d\u00e9cor et est con\u00e7u pour fonctionner efficacement toute l&#8217;ann\u00e9e. Les jets sont aliment\u00e9s par des pompes \u00e0 haut d\u00e9bit \u00e9conomes en \u00e9nergie, avec un syst\u00e8me de contr\u00f4le du d\u00e9bit d&#8217;air pour ajouter de l&#8217;air aux jets pour une exp\u00e9rience de spa revigorante. Le processus de renforcement \u00e0 quatre couches Dura-Bond\u2122 combine un mat\u00e9riau haute densit\u00e9 renforc\u00e9 avec une coupe fibreuse qui conf\u00e8re une r\u00e9sistance sup\u00e9rieure \u00e0 la coque du spa. Le syst\u00e8me de renforcement Dura-Bond\u2122 ne produit aucun COV (compos\u00e9s organiques volatils)\u00a0; une \u00e9mission nocive qui peut affecter l\u2019environnement et la sant\u00e9 humaine. L&#8217;entretien est facilit\u00e9 gr\u00e2ce aux cycles de filtration automatiques, aux syst\u00e8mes de chauffage automatiques et \u00e0 la protection automatique contre le gel.<\/p>\n<p><strong>Contr\u00f4le \u00e9lectronique sup\u00e9rieur QCA Spas avec pack de contr\u00f4le Balboa<\/strong><br \/>\nCes panneaux \u00e9l\u00e9gants disposent d&#8217;\u00e9crans graphiques LCD avec des ic\u00f4nes d&#8217;indicateur de fonction, des rappels de maintenance et des alertes de service sur l&#8217;\u00e9cran facile \u00e0 lire. Il contient un microprocesseur r\u00e9sistant \u00e0 la chaleur et \u00e0 l&#8217;humidit\u00e9 et ne n\u00e9cessite aucune programmation. Il peut \u00e9galement \u00eatre activ\u00e9 WI-FI avec un module WI-FI et contr\u00f4l\u00e9 depuis votre t\u00e9l\u00e9phone avec une application logicielle. D\u00e9tection des d\u00e9fauts de surchauffe pour les pompes emball\u00e9es, les relais bloqu\u00e9s et un nouveau logiciel avec graphiques en couleur.<\/p>\n<p><strong>Passez au vert\u00a0: syst\u00e8me d&#8217;\u00e9conomie d&#8217;\u00e9nergie<\/strong><br \/>\nTous nos spas disposent d&#8217;un syst\u00e8me d&#8217;\u00e9conomie d&#8217;\u00e9nergie. Ce syst\u00e8me de r\u00e9cup\u00e9ration de chaleur par friction utilise la chaleur g\u00e9n\u00e9r\u00e9e par l&#8217;action de la pompe et du moteur pour chauffer votre spa. Cette chaleur recycl\u00e9e n&#8217;est pas \u00e9vacu\u00e9e comme dans d&#8217;autres spas, mais emprisonn\u00e9e dans l&#8217;espace d&#8217;air mort du bo\u00eetier pour aider \u00e0 r\u00e9chauffer la coque et l&#8217;eau du spa. Cela permet d&#8217;\u00e9conomiser des ressources et de l&#8217;argent pr\u00e9cieux. Nos radiateurs de 5,5 kW sont \u00e9galement dot\u00e9s de la technologie M-7, auto-protectrice contre la surchauffe dans toutes les conditions m\u00e9t\u00e9orologiques.<\/p>\n<p><strong>Ce spa d&#8217;hydroth\u00e9rapie comprend:<\/strong><\/p>\n<div class=\"two-column1\">\n<div id=\"column1\">\n<ul>\n<li><strong>Capacit\u00e9<\/strong>\u00a0:\u00a05 \u00e0 6\u00a0personnes avec chaise longue et spa<\/li>\n<li><strong>Dimensions<\/strong> : 85\u2033L x 85\u2033L x 40\u2033P<\/li>\n<li><strong>Gallons<\/strong>\u00a0: 365\u00a0US.<\/li>\n<li><strong>Volts\/amp\u00e8res<\/strong>\u00a0: 220\/60\u00a0A<\/li>\n<li><strong>Chauffage<\/strong>\u00a0: 5,5\u00a0KW<\/li>\n<li><strong>Jets<\/strong>\u00a0: 45 jets en acier inoxydable<\/li>\n<li><strong>Pompe(s)<\/strong> : (2) Pompes de 5,2 BHP (3,0 HP en service continu) (2 vitesses)\u00a0:\n<ul>\n<li>Fonctionnement silencieux, vitesse de circulation \u00e0 faible co\u00fbt<\/li>\n<li>Deuxi\u00e8me vitesse haute puissance<\/li>\n<\/ul>\n<\/li>\n<li><strong>Coque<\/strong>\u00a0: Coque acrylique brevet\u00e9e Dura-Bond\u2122<\/li>\n<li><strong>Armoire<\/strong>\u00a0: Armoire sans entretien Weather Guard\u2122<\/li>\n<li><strong>Couverture<\/strong>\u00a0: Couverture rigide isol\u00e9e et verrouillable r\u00e9sistante aux intemp\u00e9ries<\/li>\n<li><strong>Efficacit\u00e9<\/strong>\u00a0: syst\u00e8me d&#8217;\u00e9conomie d&#8217;\u00e9nergie\u00a0\u2013\u00a0comprend un syst\u00e8me de r\u00e9cup\u00e9ration de chaleur et d\u00e9passe le mandat de conformit\u00e9 \u00e9nerg\u00e9tique de la Californie<\/li>\n<\/ul>\n<\/div>\n<div id=\"column2\">\n<ul>\n<li><strong>Contr\u00f4les<\/strong>\u00a0: Contr\u00f4le sup\u00e9rieur Balboa TP500s facile \u00e0 utiliser<\/li>\n<li><strong>Appuie-t\u00eate<\/strong>\u00a0: Int\u00e9gr\u00e9s<\/li>\n<li><strong>Filtre<\/strong>\u00a0: cycle de filtration automatique et filtre int\u00e9gr\u00e9<\/li>\n<li><strong>Taille du filtre<\/strong>\u00a0: 45 m\u00b2. Fort. Filtre<\/li>\n<li><strong>Caract\u00e9ristiques<\/strong>:\n<ul>\n<li>Chaise du capitaine<\/li>\n<li>Cascade en cascade r\u00e9glable<\/li>\n<li>Deux commandes d&#8217;air<\/li>\n<li>Doubles jets de collier r\u00e9glables<\/li>\n<li>Ozone install\u00e9e<\/li>\n<li>Ensemble d&#8217;\u00e9clairage de performance<\/li>\n<\/ul>\n<\/li>\n<li><strong>S\u00e9curit\u00e9<\/strong>\u00a0: certifi\u00e9 ETL et CE<\/li>\n<li><strong>Fabriqu\u00e9<\/strong>\u00a0: Fabriqu\u00e9 aux \u00c9tats-Unis.<\/li>\n<li><strong>Garantie<\/strong>\u00a0:\u00a01 an pi\u00e8ces et main d&#8217;\u0153uvre<\/li>\n<\/ul>\n<\/div>\n<\/div>\n","protected":false},"excerpt":{"rendered":"<p style=\"text-align: left;\"><button class=\"shop_btn1\"><a href=\"https:\/\/seychelles.ca\/fr\/contact-us\/\">Contactez Nous<\/a><\/button><\/p>\n","protected":false},"featured_media":14542,"comment_status":"closed","ping_status":"closed","template":"","meta":{"site-sidebar-layout":"default","site-content-layout":"","ast-site-content-layout":"default","site-content-style":"default","site-sidebar-style":"default","ast-global-header-display":"","ast-banner-title-visibility":"","ast-main-header-display":"","ast-hfb-above-header-display":"","ast-hfb-below-header-display":"","ast-hfb-mobile-header-display":"","site-post-title":"","ast-breadcrumbs-content":"","ast-featured-img":"","footer-sml-layout":"","theme-transparent-header-meta":"default","adv-header-id-meta":"","stick-header-meta":"","header-above-stick-meta":"","header-main-stick-meta":"","header-below-stick-meta":"","astra-migrate-meta-layouts":"set","ast-page-background-enabled":"default","ast-page-background-meta":{"desktop":{"background-color":"","background-image":"","background-repeat":"repeat","background-position":"center center","background-size":"auto","background-attachment":"scroll","background-type":"","background-media":"","overlay-type":"","overlay-color":"","overlay-gradient":""},"tablet":{"background-color":"","background-image":"","background-repeat":"repeat","background-position":"center center","background-size":"auto","background-attachment":"scroll","background-type":"","background-media":"","overlay-type":"","overlay-color":"","overlay-gradient":""},"mobile":{"background-color":"","background-image":"","background-repeat":"repeat","background-position":"center center","background-size":"auto","background-attachment":"scroll","background-type":"","background-media":"","overlay-type":"","overlay-color":"","overlay-gradient":""}},"ast-content-background-meta":{"desktop":{"background-color":"var(--ast-global-color-5)","background-image":"","background-repeat":"repeat","background-position":"center center","background-size":"auto","background-attachment":"scroll","background-type":"","background-media":"","overlay-type":"","overlay-color":"","overlay-gradient":""},"tablet":{"background-color":"var(--ast-global-color-5)","background-image":"","background-repeat":"repeat","background-position":"center center","background-size":"auto","background-attachment":"scroll","background-type":"","background-media":"","overlay-type":"","overlay-color":"","overlay-gradient":""},"mobile":{"background-color":"var(--ast-global-color-5)","background-image":"","background-repeat":"repeat","background-position":"center center","background-size":"auto","background-attachment":"scroll","background-type":"","background-media":"","overlay-type":"","overlay-color":"","overlay-gradient":""}},"_vp_format_video_url":"","_vp_image_focal_point":[]},"product_cat":[59],"product_tag":[],"class_list":{"0":"post-14529","1":"product","2":"type-product","3":"status-publish","4":"has-post-thumbnail","6":"product_cat-liquidation","7":"desktop-align-left","8":"tablet-align-left","9":"mobile-align-left","11":"first","12":"instock","13":"sale","14":"taxable","15":"shipping-taxable","16":"purchasable","17":"product-type-simple"},"yoast_head":"<!-- This site is optimized with the Yoast SEO plugin v23.7 - https:\/\/yoast.com\/wordpress\/plugins\/seo\/ -->\n<title>QCA Spas E550 - Piscines et Spas Seychelles Mont\u00e9al<\/title>\n<meta name=\"robots\" content=\"index, follow, max-snippet:-1, max-image-preview:large, max-video-preview:-1\" \/>\n<link rel=\"canonical\" href=\"https:\/\/seychelles.ca\/fr\/product\/qca-spas-e550\/\" \/>\n<meta property=\"og:locale\" content=\"en_US\" \/>\n<meta property=\"og:type\" content=\"article\" \/>\n<meta property=\"og:title\" content=\"QCA Spas E550 - Piscines et Spas Seychelles Mont\u00e9al\" \/>\n<meta property=\"og:description\" content=\"Contactez Nous\" \/>\n<meta property=\"og:url\" content=\"https:\/\/seychelles.ca\/fr\/product\/qca-spas-e550\/\" \/>\n<meta property=\"og:site_name\" content=\"Piscines et Spas Seychelles Mont\u00e9al\" \/>\n<meta property=\"article:publisher\" content=\"https:\/\/www.facebook.com\/seychellesspas\/\" \/>\n<meta property=\"article:modified_time\" content=\"2024-01-27T00:47:55+00:00\" \/>\n<meta property=\"og:image\" content=\"https:\/\/seychelles.ca\/fr\/wp-content\/uploads\/2024\/01\/QCA-E550.jpg\" \/>\n\t<meta property=\"og:image:width\" content=\"1000\" \/>\n\t<meta property=\"og:image:height\" content=\"1000\" \/>\n\t<meta property=\"og:image:type\" content=\"image\/jpeg\" \/>\n<meta name=\"twitter:card\" content=\"summary_large_image\" \/>\n<meta name=\"twitter:label1\" content=\"Est. reading time\" \/>\n\t<meta name=\"twitter:data1\" content=\"2 minutes\" \/>\n<script type=\"application\/ld+json\" class=\"yoast-schema-graph\">{\"@context\":\"https:\/\/schema.org\",\"@graph\":[{\"@type\":\"WebPage\",\"@id\":\"https:\/\/seychelles.ca\/fr\/product\/qca-spas-e550\/\",\"url\":\"https:\/\/seychelles.ca\/fr\/product\/qca-spas-e550\/\",\"name\":\"QCA Spas E550 - Piscines et Spas Seychelles Mont\u00e9al\",\"isPartOf\":{\"@id\":\"https:\/\/seychelles.ca\/fr\/#website\"},\"primaryImageOfPage\":{\"@id\":\"https:\/\/seychelles.ca\/fr\/product\/qca-spas-e550\/#primaryimage\"},\"image\":{\"@id\":\"https:\/\/seychelles.ca\/fr\/product\/qca-spas-e550\/#primaryimage\"},\"thumbnailUrl\":\"https:\/\/seychelles.ca\/fr\/wp-content\/uploads\/2024\/01\/QCA-E550.jpg\",\"datePublished\":\"2024-01-23T03:30:24+00:00\",\"dateModified\":\"2024-01-27T00:47:55+00:00\",\"breadcrumb\":{\"@id\":\"https:\/\/seychelles.ca\/fr\/product\/qca-spas-e550\/#breadcrumb\"},\"inLanguage\":\"en-CA\",\"potentialAction\":[{\"@type\":\"ReadAction\",\"target\":[\"https:\/\/seychelles.ca\/fr\/product\/qca-spas-e550\/\"]}]},{\"@type\":\"ImageObject\",\"inLanguage\":\"en-CA\",\"@id\":\"https:\/\/seychelles.ca\/fr\/product\/qca-spas-e550\/#primaryimage\",\"url\":\"https:\/\/seychelles.ca\/fr\/wp-content\/uploads\/2024\/01\/QCA-E550.jpg\",\"contentUrl\":\"https:\/\/seychelles.ca\/fr\/wp-content\/uploads\/2024\/01\/QCA-E550.jpg\",\"width\":1000,\"height\":1000},{\"@type\":\"BreadcrumbList\",\"@id\":\"https:\/\/seychelles.ca\/fr\/product\/qca-spas-e550\/#breadcrumb\",\"itemListElement\":[{\"@type\":\"ListItem\",\"position\":1,\"name\":\"Home\",\"item\":\"https:\/\/seychelles.ca\/fr\/\"},{\"@type\":\"ListItem\",\"position\":2,\"name\":\"Shop\",\"item\":\"https:\/\/seychelles.ca\/fr\/shop\/\"},{\"@type\":\"ListItem\",\"position\":3,\"name\":\"QCA Spas E550\"}]},{\"@type\":\"WebSite\",\"@id\":\"https:\/\/seychelles.ca\/fr\/#website\",\"url\":\"https:\/\/seychelles.ca\/fr\/\",\"name\":\"Piscines et Spas Seychelles\",\"description\":\"Entretien, service, vente et produits pour piscines et spas\",\"publisher\":{\"@id\":\"https:\/\/seychelles.ca\/fr\/#organization\"},\"potentialAction\":[{\"@type\":\"SearchAction\",\"target\":{\"@type\":\"EntryPoint\",\"urlTemplate\":\"https:\/\/seychelles.ca\/fr\/?s={search_term_string}\"},\"query-input\":{\"@type\":\"PropertyValueSpecification\",\"valueRequired\":true,\"valueName\":\"search_term_string\"}}],\"inLanguage\":\"en-CA\"},{\"@type\":\"Organization\",\"@id\":\"https:\/\/seychelles.ca\/fr\/#organization\",\"name\":\"Seychelles Piscines And Spas\",\"url\":\"https:\/\/seychelles.ca\/fr\/\",\"logo\":{\"@type\":\"ImageObject\",\"inLanguage\":\"en-CA\",\"@id\":\"https:\/\/seychelles.ca\/fr\/#\/schema\/logo\/image\/\",\"url\":\"https:\/\/seychelles.ca\/fr\/wp-content\/uploads\/2019\/03\/cropped-logo.png\",\"contentUrl\":\"https:\/\/seychelles.ca\/fr\/wp-content\/uploads\/2019\/03\/cropped-logo.png\",\"width\":375,\"height\":80,\"caption\":\"Seychelles Piscines And Spas\"},\"image\":{\"@id\":\"https:\/\/seychelles.ca\/fr\/#\/schema\/logo\/image\/\"},\"sameAs\":[\"https:\/\/www.facebook.com\/seychellesspas\/\"]}]}<\/script>\n<!-- \/ Yoast SEO plugin. -->","yoast_head_json":{"title":"QCA Spas E550 - Piscines et Spas Seychelles Mont\u00e9al","robots":{"index":"index","follow":"follow","max-snippet":"max-snippet:-1","max-image-preview":"max-image-preview:large","max-video-preview":"max-video-preview:-1"},"canonical":"https:\/\/seychelles.ca\/fr\/product\/qca-spas-e550\/","og_locale":"en_US","og_type":"article","og_title":"QCA Spas E550 - Piscines et Spas Seychelles Mont\u00e9al","og_description":"Contactez Nous","og_url":"https:\/\/seychelles.ca\/fr\/product\/qca-spas-e550\/","og_site_name":"Piscines et Spas Seychelles Mont\u00e9al","article_publisher":"https:\/\/www.facebook.com\/seychellesspas\/","article_modified_time":"2024-01-27T00:47:55+00:00","og_image":[{"width":1000,"height":1000,"url":"https:\/\/seychelles.ca\/fr\/wp-content\/uploads\/2024\/01\/QCA-E550.jpg","type":"image\/jpeg"}],"twitter_card":"summary_large_image","twitter_misc":{"Est. reading time":"2 minutes"},"schema":{"@context":"https:\/\/schema.org","@graph":[{"@type":"WebPage","@id":"https:\/\/seychelles.ca\/fr\/product\/qca-spas-e550\/","url":"https:\/\/seychelles.ca\/fr\/product\/qca-spas-e550\/","name":"QCA Spas E550 - Piscines et Spas Seychelles Mont\u00e9al","isPartOf":{"@id":"https:\/\/seychelles.ca\/fr\/#website"},"primaryImageOfPage":{"@id":"https:\/\/seychelles.ca\/fr\/product\/qca-spas-e550\/#primaryimage"},"image":{"@id":"https:\/\/seychelles.ca\/fr\/product\/qca-spas-e550\/#primaryimage"},"thumbnailUrl":"https:\/\/seychelles.ca\/fr\/wp-content\/uploads\/2024\/01\/QCA-E550.jpg","datePublished":"2024-01-23T03:30:24+00:00","dateModified":"2024-01-27T00:47:55+00:00","breadcrumb":{"@id":"https:\/\/seychelles.ca\/fr\/product\/qca-spas-e550\/#breadcrumb"},"inLanguage":"en-CA","potentialAction":[{"@type":"ReadAction","target":["https:\/\/seychelles.ca\/fr\/product\/qca-spas-e550\/"]}]},{"@type":"ImageObject","inLanguage":"en-CA","@id":"https:\/\/seychelles.ca\/fr\/product\/qca-spas-e550\/#primaryimage","url":"https:\/\/seychelles.ca\/fr\/wp-content\/uploads\/2024\/01\/QCA-E550.jpg","contentUrl":"https:\/\/seychelles.ca\/fr\/wp-content\/uploads\/2024\/01\/QCA-E550.jpg","width":1000,"height":1000},{"@type":"BreadcrumbList","@id":"https:\/\/seychelles.ca\/fr\/product\/qca-spas-e550\/#breadcrumb","itemListElement":[{"@type":"ListItem","position":1,"name":"Home","item":"https:\/\/seychelles.ca\/fr\/"},{"@type":"ListItem","position":2,"name":"Shop","item":"https:\/\/seychelles.ca\/fr\/shop\/"},{"@type":"ListItem","position":3,"name":"QCA Spas E550"}]},{"@type":"WebSite","@id":"https:\/\/seychelles.ca\/fr\/#website","url":"https:\/\/seychelles.ca\/fr\/","name":"Piscines et Spas Seychelles","description":"Entretien, service, vente et produits pour piscines et spas","publisher":{"@id":"https:\/\/seychelles.ca\/fr\/#organization"},"potentialAction":[{"@type":"SearchAction","target":{"@type":"EntryPoint","urlTemplate":"https:\/\/seychelles.ca\/fr\/?s={search_term_string}"},"query-input":{"@type":"PropertyValueSpecification","valueRequired":true,"valueName":"search_term_string"}}],"inLanguage":"en-CA"},{"@type":"Organization","@id":"https:\/\/seychelles.ca\/fr\/#organization","name":"Seychelles Piscines And Spas","url":"https:\/\/seychelles.ca\/fr\/","logo":{"@type":"ImageObject","inLanguage":"en-CA","@id":"https:\/\/seychelles.ca\/fr\/#\/schema\/logo\/image\/","url":"https:\/\/seychelles.ca\/fr\/wp-content\/uploads\/2019\/03\/cropped-logo.png","contentUrl":"https:\/\/seychelles.ca\/fr\/wp-content\/uploads\/2019\/03\/cropped-logo.png","width":375,"height":80,"caption":"Seychelles Piscines And Spas"},"image":{"@id":"https:\/\/seychelles.ca\/fr\/#\/schema\/logo\/image\/"},"sameAs":["https:\/\/www.facebook.com\/seychellesspas\/"]}]}},"_links":{"self":[{"href":"https:\/\/seychelles.ca\/fr\/wp-json\/wp\/v2\/product\/14529"}],"collection":[{"href":"https:\/\/seychelles.ca\/fr\/wp-json\/wp\/v2\/product"}],"about":[{"href":"https:\/\/seychelles.ca\/fr\/wp-json\/wp\/v2\/types\/product"}],"replies":[{"embeddable":true,"href":"https:\/\/seychelles.ca\/fr\/wp-json\/wp\/v2\/comments?post=14529"}],"wp:featuredmedia":[{"embeddable":true,"href":"https:\/\/seychelles.ca\/fr\/wp-json\/wp\/v2\/media\/14542"}],"wp:attachment":[{"href":"https:\/\/seychelles.ca\/fr\/wp-json\/wp\/v2\/media?parent=14529"}],"wp:term":[{"taxonomy":"product_cat","embeddable":true,"href":"https:\/\/seychelles.ca\/fr\/wp-json\/wp\/v2\/product_cat?post=14529"},{"taxonomy":"product_tag","embeddable":true,"href":"https:\/\/seychelles.ca\/fr\/wp-json\/wp\/v2\/product_tag?post=14529"}],"curies":[{"name":"wp","href":"https:\/\/api.w.org\/{rel}","templated":true}]}}