{"id":14528,"date":"2024-01-23T03:30:24","date_gmt":"2024-01-23T03:30:24","guid":{"rendered":"https:\/\/seychelles.ca\/fr\/?post_type=product&#038;p=14528"},"modified":"2024-02-05T04:24:23","modified_gmt":"2024-02-05T04:24:23","slug":"tradewind-above-ground-swimming-pool","status":"publish","type":"product","link":"https:\/\/seychelles.ca\/fr\/product\/tradewind-above-ground-swimming-pool\/","title":{"rendered":"Tradewind Above Ground Swimming Pool"},"content":{"rendered":"<p><strong>Tradewind<\/strong><br \/>\nConstruction en r\u00e9sine ! Tous les composants de la structure de la piscine en r\u00e9sine sont moul\u00e9s par un processus d&#8217;injection qui permet de renforcer chaque composant (processus de nervure), de courber l&#8217;ensemble sup\u00e9rieur et \u00e9galement d&#8217;utiliser notre syst\u00e8me d&#8217;encliquetage robuste qui \u00e9limine le mat\u00e9riel. Tous les composants en r\u00e9sine sont inalt\u00e9rables.<\/p>\n<p>Comprend\u00a0; Structure, liner, tapis g\u00e9otextile, skimmer et drain de fond<br \/>\nNon inclus; Syst\u00e8me de filtration (pompe et filtre), installation et livraison<br \/>\n*****Disponible pour $ suppl\u00e9mentaires. Installation disponible uniquement dans la zone m\u00e9rit\u00e9e par magasin<\/p>\n<p style=\"text-align: center;\"><button class=\"shop_btn1\"><a href=\"https:\/\/seychelles.ca\/fr\/tradewind-piscine-hors-terre\/\">Plus d&#8217;information<\/a><\/button><\/p>\n","protected":false},"excerpt":{"rendered":"<p><!--\n\n\n<p style=\"text-align: center;\"><button class=\"shop_btn1\"><a href=\"https:\/\/seychelles.ca\/fr\/tradewind-piscine-hors-terre\/\">Plus d'information<\/a><\/button><\/p>\n\n\n--><\/p>\n<p style=\"text-align: left;\"><button class=\"shop_btn1\"><a href=\"https:\/\/seychelles.ca\/fr\/contact-us\/\">Contactez Nous<\/a><\/button><\/p>\n","protected":false},"featured_media":14541,"comment_status":"closed","ping_status":"closed","template":"","meta":{"site-sidebar-layout":"default","site-content-layout":"","ast-site-content-layout":"default","site-content-style":"default","site-sidebar-style":"default","ast-global-header-display":"","ast-banner-title-visibility":"","ast-main-header-display":"","ast-hfb-above-header-display":"","ast-hfb-below-header-display":"","ast-hfb-mobile-header-display":"","site-post-title":"","ast-breadcrumbs-content":"","ast-featured-img":"","footer-sml-layout":"","theme-transparent-header-meta":"default","adv-header-id-meta":"","stick-header-meta":"","header-above-stick-meta":"","header-main-stick-meta":"","header-below-stick-meta":"","astra-migrate-meta-layouts":"set","ast-page-background-enabled":"default","ast-page-background-meta":{"desktop":{"background-color":"","background-image":"","background-repeat":"repeat","background-position":"center center","background-size":"auto","background-attachment":"scroll","background-type":"","background-media":"","overlay-type":"","overlay-color":"","overlay-gradient":""},"tablet":{"background-color":"","background-image":"","background-repeat":"repeat","background-position":"center center","background-size":"auto","background-attachment":"scroll","background-type":"","background-media":"","overlay-type":"","overlay-color":"","overlay-gradient":""},"mobile":{"background-color":"","background-image":"","background-repeat":"repeat","background-position":"center center","background-size":"auto","background-attachment":"scroll","background-type":"","background-media":"","overlay-type":"","overlay-color":"","overlay-gradient":""}},"ast-content-background-meta":{"desktop":{"background-color":"var(--ast-global-color-5)","background-image":"","background-repeat":"repeat","background-position":"center center","background-size":"auto","background-attachment":"scroll","background-type":"","background-media":"","overlay-type":"","overlay-color":"","overlay-gradient":""},"tablet":{"background-color":"var(--ast-global-color-5)","background-image":"","background-repeat":"repeat","background-position":"center center","background-size":"auto","background-attachment":"scroll","background-type":"","background-media":"","overlay-type":"","overlay-color":"","overlay-gradient":""},"mobile":{"background-color":"var(--ast-global-color-5)","background-image":"","background-repeat":"repeat","background-position":"center center","background-size":"auto","background-attachment":"scroll","background-type":"","background-media":"","overlay-type":"","overlay-color":"","overlay-gradient":""}},"_vp_format_video_url":"","_vp_image_focal_point":[]},"product_cat":[59],"product_tag":[],"class_list":{"0":"post-14528","1":"product","2":"type-product","3":"status-publish","4":"has-post-thumbnail","6":"product_cat-liquidation","7":"pa_size-61","8":"pa_size-62","9":"desktop-align-left","10":"tablet-align-left","11":"mobile-align-left","13":"first","14":"instock","15":"taxable","16":"shipping-taxable","17":"purchasable","18":"product-type-variable"},"yoast_head":"<!-- This site is optimized with the Yoast SEO plugin v23.7 - https:\/\/yoast.com\/wordpress\/plugins\/seo\/ -->\n<title>Tradewind Above Ground Swimming Pool - Piscines et Spas Seychelles Mont\u00e9al<\/title>\n<meta name=\"robots\" content=\"index, follow, max-snippet:-1, max-image-preview:large, max-video-preview:-1\" \/>\n<link rel=\"canonical\" href=\"https:\/\/seychelles.ca\/fr\/product\/tradewind-above-ground-swimming-pool\/\" \/>\n<meta property=\"og:locale\" content=\"en_US\" \/>\n<meta property=\"og:type\" content=\"article\" \/>\n<meta property=\"og:title\" content=\"Tradewind Above Ground Swimming Pool - Piscines et Spas Seychelles Mont\u00e9al\" \/>\n<meta property=\"og:description\" content=\"Contactez Nous\" \/>\n<meta property=\"og:url\" content=\"https:\/\/seychelles.ca\/fr\/product\/tradewind-above-ground-swimming-pool\/\" \/>\n<meta property=\"og:site_name\" content=\"Piscines et Spas Seychelles Mont\u00e9al\" \/>\n<meta property=\"article:publisher\" content=\"https:\/\/www.facebook.com\/seychellesspas\/\" \/>\n<meta property=\"article:modified_time\" content=\"2024-02-05T04:24:23+00:00\" \/>\n<meta property=\"og:image\" content=\"https:\/\/seychelles.ca\/fr\/wp-content\/uploads\/2024\/01\/tradewind-pool.png\" \/>\n\t<meta property=\"og:image:width\" content=\"765\" \/>\n\t<meta property=\"og:image:height\" content=\"519\" \/>\n\t<meta property=\"og:image:type\" content=\"image\/png\" \/>\n<meta name=\"twitter:card\" content=\"summary_large_image\" \/>\n<meta name=\"twitter:label1\" content=\"Est. reading time\" \/>\n\t<meta name=\"twitter:data1\" content=\"1 minute\" \/>\n<script type=\"application\/ld+json\" class=\"yoast-schema-graph\">{\"@context\":\"https:\/\/schema.org\",\"@graph\":[{\"@type\":\"WebPage\",\"@id\":\"https:\/\/seychelles.ca\/fr\/product\/tradewind-above-ground-swimming-pool\/\",\"url\":\"https:\/\/seychelles.ca\/fr\/product\/tradewind-above-ground-swimming-pool\/\",\"name\":\"Tradewind Above Ground Swimming Pool - Piscines et Spas Seychelles Mont\u00e9al\",\"isPartOf\":{\"@id\":\"https:\/\/seychelles.ca\/fr\/#website\"},\"primaryImageOfPage\":{\"@id\":\"https:\/\/seychelles.ca\/fr\/product\/tradewind-above-ground-swimming-pool\/#primaryimage\"},\"image\":{\"@id\":\"https:\/\/seychelles.ca\/fr\/product\/tradewind-above-ground-swimming-pool\/#primaryimage\"},\"thumbnailUrl\":\"https:\/\/seychelles.ca\/fr\/wp-content\/uploads\/2024\/01\/tradewind-pool.png\",\"datePublished\":\"2024-01-23T03:30:24+00:00\",\"dateModified\":\"2024-02-05T04:24:23+00:00\",\"breadcrumb\":{\"@id\":\"https:\/\/seychelles.ca\/fr\/product\/tradewind-above-ground-swimming-pool\/#breadcrumb\"},\"inLanguage\":\"en-CA\",\"potentialAction\":[{\"@type\":\"ReadAction\",\"target\":[\"https:\/\/seychelles.ca\/fr\/product\/tradewind-above-ground-swimming-pool\/\"]}]},{\"@type\":\"ImageObject\",\"inLanguage\":\"en-CA\",\"@id\":\"https:\/\/seychelles.ca\/fr\/product\/tradewind-above-ground-swimming-pool\/#primaryimage\",\"url\":\"https:\/\/seychelles.ca\/fr\/wp-content\/uploads\/2024\/01\/tradewind-pool.png\",\"contentUrl\":\"https:\/\/seychelles.ca\/fr\/wp-content\/uploads\/2024\/01\/tradewind-pool.png\",\"width\":765,\"height\":519},{\"@type\":\"BreadcrumbList\",\"@id\":\"https:\/\/seychelles.ca\/fr\/product\/tradewind-above-ground-swimming-pool\/#breadcrumb\",\"itemListElement\":[{\"@type\":\"ListItem\",\"position\":1,\"name\":\"Home\",\"item\":\"https:\/\/seychelles.ca\/fr\/\"},{\"@type\":\"ListItem\",\"position\":2,\"name\":\"Shop\",\"item\":\"https:\/\/seychelles.ca\/fr\/shop\/\"},{\"@type\":\"ListItem\",\"position\":3,\"name\":\"Tradewind Above Ground Swimming Pool\"}]},{\"@type\":\"WebSite\",\"@id\":\"https:\/\/seychelles.ca\/fr\/#website\",\"url\":\"https:\/\/seychelles.ca\/fr\/\",\"name\":\"Piscines et Spas Seychelles\",\"description\":\"Entretien, service, vente et produits pour piscines et spas\",\"publisher\":{\"@id\":\"https:\/\/seychelles.ca\/fr\/#organization\"},\"potentialAction\":[{\"@type\":\"SearchAction\",\"target\":{\"@type\":\"EntryPoint\",\"urlTemplate\":\"https:\/\/seychelles.ca\/fr\/?s={search_term_string}\"},\"query-input\":{\"@type\":\"PropertyValueSpecification\",\"valueRequired\":true,\"valueName\":\"search_term_string\"}}],\"inLanguage\":\"en-CA\"},{\"@type\":\"Organization\",\"@id\":\"https:\/\/seychelles.ca\/fr\/#organization\",\"name\":\"Seychelles Piscines And Spas\",\"url\":\"https:\/\/seychelles.ca\/fr\/\",\"logo\":{\"@type\":\"ImageObject\",\"inLanguage\":\"en-CA\",\"@id\":\"https:\/\/seychelles.ca\/fr\/#\/schema\/logo\/image\/\",\"url\":\"https:\/\/seychelles.ca\/fr\/wp-content\/uploads\/2019\/03\/cropped-logo.png\",\"contentUrl\":\"https:\/\/seychelles.ca\/fr\/wp-content\/uploads\/2019\/03\/cropped-logo.png\",\"width\":375,\"height\":80,\"caption\":\"Seychelles Piscines And Spas\"},\"image\":{\"@id\":\"https:\/\/seychelles.ca\/fr\/#\/schema\/logo\/image\/\"},\"sameAs\":[\"https:\/\/www.facebook.com\/seychellesspas\/\"]}]}<\/script>\n<!-- \/ Yoast SEO plugin. -->","yoast_head_json":{"title":"Tradewind Above Ground Swimming Pool - Piscines et Spas Seychelles Mont\u00e9al","robots":{"index":"index","follow":"follow","max-snippet":"max-snippet:-1","max-image-preview":"max-image-preview:large","max-video-preview":"max-video-preview:-1"},"canonical":"https:\/\/seychelles.ca\/fr\/product\/tradewind-above-ground-swimming-pool\/","og_locale":"en_US","og_type":"article","og_title":"Tradewind Above Ground Swimming Pool - Piscines et Spas Seychelles Mont\u00e9al","og_description":"Contactez Nous","og_url":"https:\/\/seychelles.ca\/fr\/product\/tradewind-above-ground-swimming-pool\/","og_site_name":"Piscines et Spas Seychelles Mont\u00e9al","article_publisher":"https:\/\/www.facebook.com\/seychellesspas\/","article_modified_time":"2024-02-05T04:24:23+00:00","og_image":[{"width":765,"height":519,"url":"https:\/\/seychelles.ca\/fr\/wp-content\/uploads\/2024\/01\/tradewind-pool.png","type":"image\/png"}],"twitter_card":"summary_large_image","twitter_misc":{"Est. reading time":"1 minute"},"schema":{"@context":"https:\/\/schema.org","@graph":[{"@type":"WebPage","@id":"https:\/\/seychelles.ca\/fr\/product\/tradewind-above-ground-swimming-pool\/","url":"https:\/\/seychelles.ca\/fr\/product\/tradewind-above-ground-swimming-pool\/","name":"Tradewind Above Ground Swimming Pool - Piscines et Spas Seychelles Mont\u00e9al","isPartOf":{"@id":"https:\/\/seychelles.ca\/fr\/#website"},"primaryImageOfPage":{"@id":"https:\/\/seychelles.ca\/fr\/product\/tradewind-above-ground-swimming-pool\/#primaryimage"},"image":{"@id":"https:\/\/seychelles.ca\/fr\/product\/tradewind-above-ground-swimming-pool\/#primaryimage"},"thumbnailUrl":"https:\/\/seychelles.ca\/fr\/wp-content\/uploads\/2024\/01\/tradewind-pool.png","datePublished":"2024-01-23T03:30:24+00:00","dateModified":"2024-02-05T04:24:23+00:00","breadcrumb":{"@id":"https:\/\/seychelles.ca\/fr\/product\/tradewind-above-ground-swimming-pool\/#breadcrumb"},"inLanguage":"en-CA","potentialAction":[{"@type":"ReadAction","target":["https:\/\/seychelles.ca\/fr\/product\/tradewind-above-ground-swimming-pool\/"]}]},{"@type":"ImageObject","inLanguage":"en-CA","@id":"https:\/\/seychelles.ca\/fr\/product\/tradewind-above-ground-swimming-pool\/#primaryimage","url":"https:\/\/seychelles.ca\/fr\/wp-content\/uploads\/2024\/01\/tradewind-pool.png","contentUrl":"https:\/\/seychelles.ca\/fr\/wp-content\/uploads\/2024\/01\/tradewind-pool.png","width":765,"height":519},{"@type":"BreadcrumbList","@id":"https:\/\/seychelles.ca\/fr\/product\/tradewind-above-ground-swimming-pool\/#breadcrumb","itemListElement":[{"@type":"ListItem","position":1,"name":"Home","item":"https:\/\/seychelles.ca\/fr\/"},{"@type":"ListItem","position":2,"name":"Shop","item":"https:\/\/seychelles.ca\/fr\/shop\/"},{"@type":"ListItem","position":3,"name":"Tradewind Above Ground Swimming Pool"}]},{"@type":"WebSite","@id":"https:\/\/seychelles.ca\/fr\/#website","url":"https:\/\/seychelles.ca\/fr\/","name":"Piscines et Spas Seychelles","description":"Entretien, service, vente et produits pour piscines et spas","publisher":{"@id":"https:\/\/seychelles.ca\/fr\/#organization"},"potentialAction":[{"@type":"SearchAction","target":{"@type":"EntryPoint","urlTemplate":"https:\/\/seychelles.ca\/fr\/?s={search_term_string}"},"query-input":{"@type":"PropertyValueSpecification","valueRequired":true,"valueName":"search_term_string"}}],"inLanguage":"en-CA"},{"@type":"Organization","@id":"https:\/\/seychelles.ca\/fr\/#organization","name":"Seychelles Piscines And Spas","url":"https:\/\/seychelles.ca\/fr\/","logo":{"@type":"ImageObject","inLanguage":"en-CA","@id":"https:\/\/seychelles.ca\/fr\/#\/schema\/logo\/image\/","url":"https:\/\/seychelles.ca\/fr\/wp-content\/uploads\/2019\/03\/cropped-logo.png","contentUrl":"https:\/\/seychelles.ca\/fr\/wp-content\/uploads\/2019\/03\/cropped-logo.png","width":375,"height":80,"caption":"Seychelles Piscines And Spas"},"image":{"@id":"https:\/\/seychelles.ca\/fr\/#\/schema\/logo\/image\/"},"sameAs":["https:\/\/www.facebook.com\/seychellesspas\/"]}]}},"_links":{"self":[{"href":"https:\/\/seychelles.ca\/fr\/wp-json\/wp\/v2\/product\/14528"}],"collection":[{"href":"https:\/\/seychelles.ca\/fr\/wp-json\/wp\/v2\/product"}],"about":[{"href":"https:\/\/seychelles.ca\/fr\/wp-json\/wp\/v2\/types\/product"}],"replies":[{"embeddable":true,"href":"https:\/\/seychelles.ca\/fr\/wp-json\/wp\/v2\/comments?post=14528"}],"wp:featuredmedia":[{"embeddable":true,"href":"https:\/\/seychelles.ca\/fr\/wp-json\/wp\/v2\/media\/14541"}],"wp:attachment":[{"href":"https:\/\/seychelles.ca\/fr\/wp-json\/wp\/v2\/media?parent=14528"}],"wp:term":[{"taxonomy":"product_cat","embeddable":true,"href":"https:\/\/seychelles.ca\/fr\/wp-json\/wp\/v2\/product_cat?post=14528"},{"taxonomy":"product_tag","embeddable":true,"href":"https:\/\/seychelles.ca\/fr\/wp-json\/wp\/v2\/product_tag?post=14528"}],"curies":[{"name":"wp","href":"https:\/\/api.w.org\/{rel}","templated":true}]}}