{"id":14527,"date":"2024-01-23T03:30:24","date_gmt":"2024-01-23T03:30:24","guid":{"rendered":"https:\/\/seychelles.ca\/fr\/?post_type=product&#038;p=14527"},"modified":"2024-02-05T04:25:36","modified_gmt":"2024-02-05T04:25:36","slug":"cornelius-bombay-above-ground-pool","status":"publish","type":"product","link":"https:\/\/seychelles.ca\/fr\/product\/cornelius-bombay-above-ground-pool\/","title":{"rendered":"Cornelius Bombay Above Ground Pool"},"content":{"rendered":"<ul>\n<li>52\u201d<\/li>\n<li>Rondes, ovales avec supports lat\u00e9raux et ovales sans supports lat\u00e9raux<\/li>\n<li>Margelles 7\u2033 \u2013 r\u00e9sine extrud\u00e9e GRIS P\u00c2LE FROID<\/li>\n<li>Rainures (haut et bas) \u2013 r\u00e9sine inject\u00e9e<\/li>\n<li>Plaques (haut) \u2013 r\u00e9sine inject\u00e9e<\/li>\n<li>Couvre-joints \u2013 r\u00e9sine inject\u00e9e (2 pi\u00e8ces)<\/li>\n<li>Poteaux 6\u2033 \u2013 acier galvanis\u00e9 peint GRIS FONC\u00c9 FROID<\/li>\n<li>Mur Royal repr\u00e9sent\u00e9<\/li>\n<li>Sabots connecteurs\u2013 r\u00e9sine inject\u00e9e<\/li>\n<li>Garantie au prorata 3\/25<\/li>\n<\/ul>\n<p>Comprend\u00a0; Structure, liner, tapis g\u00e9otextile, skimmer et drain de fond<br \/>\nNon inclus; Syst\u00e8me de filtration (pompe et filtre), installation et livraison<br \/>\n*****Disponible pour $ suppl\u00e9mentaires. Installation disponible uniquement dans la zone m\u00e9rit\u00e9e par magasin<\/p>\n<p>*Les couleurs du produit peuvent varier en raison des r\u00e9glages du moniteur et de l\u2019\u00e9clairage photographique.<\/p>\n<p><strong>Contenu t\u00e9l\u00e9chargeable<\/strong><br \/>\n<strong><a href=\"https:\/\/seychelles.ca\/fr\/wp-content\/uploads\/2024\/01\/Cornelius-Bombay-Above-Ground-Pool-FR.pdf\">Brochure<\/a><\/strong> et <strong><a href=\"https:\/\/seychelles.ca\/fr\/wp-content\/uploads\/2024\/01\/Cornelius-Bombay-Above-Ground-Pool-Walls.pdf\">Murs<\/a><\/strong><\/p>\n<p><strong>Guide d\u2019installation<\/strong><br \/>\n<a href=\"https:\/\/seychelles.ca\/fr\/wp-content\/uploads\/2024\/01\/Cornelius-Bombay-Round.pdf\"><strong>Ronde<\/strong><\/a>, <strong><a href=\"https:\/\/seychelles.ca\/fr\/wp-content\/uploads\/2024\/01\/Cornelius-Bombay-NBS-Ovals.pdf\">Sans supports lat\u00e9raux<\/a><\/strong> et <strong><a href=\"https:\/\/seychelles.ca\/fr\/wp-content\/uploads\/2024\/01\/Cornelius-Bombay-A-Frame-Ovals.pdf\">Avec supports lat\u00e9raux<\/a><\/strong><\/p>\n","protected":false},"excerpt":{"rendered":"<p style=\"text-align: left;\"><button class=\"shop_btn1\"><a href=\"https:\/\/seychelles.ca\/fr\/contact-us\/\">Contactez Nous<\/a><\/button><\/p>\n","protected":false},"featured_media":14537,"comment_status":"closed","ping_status":"closed","template":"","meta":{"site-sidebar-layout":"default","site-content-layout":"","ast-site-content-layout":"default","site-content-style":"default","site-sidebar-style":"default","ast-global-header-display":"","ast-banner-title-visibility":"","ast-main-header-display":"","ast-hfb-above-header-display":"","ast-hfb-below-header-display":"","ast-hfb-mobile-header-display":"","site-post-title":"","ast-breadcrumbs-content":"","ast-featured-img":"","footer-sml-layout":"","theme-transparent-header-meta":"default","adv-header-id-meta":"","stick-header-meta":"","header-above-stick-meta":"","header-main-stick-meta":"","header-below-stick-meta":"","astra-migrate-meta-layouts":"set","ast-page-background-enabled":"default","ast-page-background-meta":{"desktop":{"background-color":"","background-image":"","background-repeat":"repeat","background-position":"center center","background-size":"auto","background-attachment":"scroll","background-type":"","background-media":"","overlay-type":"","overlay-color":"","overlay-gradient":""},"tablet":{"background-color":"","background-image":"","background-repeat":"repeat","background-position":"center center","background-size":"auto","background-attachment":"scroll","background-type":"","background-media":"","overlay-type":"","overlay-color":"","overlay-gradient":""},"mobile":{"background-color":"","background-image":"","background-repeat":"repeat","background-position":"center center","background-size":"auto","background-attachment":"scroll","background-type":"","background-media":"","overlay-type":"","overlay-color":"","overlay-gradient":""}},"ast-content-background-meta":{"desktop":{"background-color":"var(--ast-global-color-5)","background-image":"","background-repeat":"repeat","background-position":"center center","background-size":"auto","background-attachment":"scroll","background-type":"","background-media":"","overlay-type":"","overlay-color":"","overlay-gradient":""},"tablet":{"background-color":"var(--ast-global-color-5)","background-image":"","background-repeat":"repeat","background-position":"center center","background-size":"auto","background-attachment":"scroll","background-type":"","background-media":"","overlay-type":"","overlay-color":"","overlay-gradient":""},"mobile":{"background-color":"var(--ast-global-color-5)","background-image":"","background-repeat":"repeat","background-position":"center center","background-size":"auto","background-attachment":"scroll","background-type":"","background-media":"","overlay-type":"","overlay-color":"","overlay-gradient":""}},"_vp_format_video_url":"","_vp_image_focal_point":[]},"product_cat":[59],"product_tag":[],"class_list":{"0":"post-14527","1":"product","2":"type-product","3":"status-publish","4":"has-post-thumbnail","6":"product_cat-liquidation","7":"pa_size-61","8":"pa_size-62","9":"desktop-align-left","10":"tablet-align-left","11":"mobile-align-left","13":"first","14":"instock","15":"taxable","16":"shipping-taxable","17":"purchasable","18":"product-type-variable"},"yoast_head":"<!-- This site is optimized with the Yoast SEO plugin v23.7 - https:\/\/yoast.com\/wordpress\/plugins\/seo\/ -->\n<title>Cornelius Bombay Above Ground Pool - Piscines et Spas Seychelles Mont\u00e9al<\/title>\n<meta name=\"robots\" content=\"index, follow, max-snippet:-1, max-image-preview:large, max-video-preview:-1\" \/>\n<link rel=\"canonical\" href=\"https:\/\/seychelles.ca\/fr\/product\/cornelius-bombay-above-ground-pool\/\" \/>\n<meta property=\"og:locale\" content=\"en_US\" \/>\n<meta property=\"og:type\" content=\"article\" \/>\n<meta property=\"og:title\" content=\"Cornelius Bombay Above Ground Pool - Piscines et Spas Seychelles Mont\u00e9al\" \/>\n<meta property=\"og:description\" content=\"Contactez Nous\" \/>\n<meta property=\"og:url\" content=\"https:\/\/seychelles.ca\/fr\/product\/cornelius-bombay-above-ground-pool\/\" \/>\n<meta property=\"og:site_name\" content=\"Piscines et Spas Seychelles Mont\u00e9al\" \/>\n<meta property=\"article:publisher\" content=\"https:\/\/www.facebook.com\/seychellesspas\/\" \/>\n<meta property=\"article:modified_time\" content=\"2024-02-05T04:25:36+00:00\" \/>\n<meta property=\"og:image\" content=\"https:\/\/seychelles.ca\/fr\/wp-content\/uploads\/2024\/01\/Cornelius-Bombay-Above-Ground-Pool.jpg\" \/>\n\t<meta property=\"og:image:width\" content=\"1024\" \/>\n\t<meta property=\"og:image:height\" content=\"1024\" \/>\n\t<meta property=\"og:image:type\" content=\"image\/jpeg\" \/>\n<meta name=\"twitter:card\" content=\"summary_large_image\" \/>\n<meta name=\"twitter:label1\" content=\"Est. reading time\" \/>\n\t<meta name=\"twitter:data1\" content=\"1 minute\" \/>\n<script type=\"application\/ld+json\" class=\"yoast-schema-graph\">{\"@context\":\"https:\/\/schema.org\",\"@graph\":[{\"@type\":\"WebPage\",\"@id\":\"https:\/\/seychelles.ca\/fr\/product\/cornelius-bombay-above-ground-pool\/\",\"url\":\"https:\/\/seychelles.ca\/fr\/product\/cornelius-bombay-above-ground-pool\/\",\"name\":\"Cornelius Bombay Above Ground Pool - Piscines et Spas Seychelles Mont\u00e9al\",\"isPartOf\":{\"@id\":\"https:\/\/seychelles.ca\/fr\/#website\"},\"primaryImageOfPage\":{\"@id\":\"https:\/\/seychelles.ca\/fr\/product\/cornelius-bombay-above-ground-pool\/#primaryimage\"},\"image\":{\"@id\":\"https:\/\/seychelles.ca\/fr\/product\/cornelius-bombay-above-ground-pool\/#primaryimage\"},\"thumbnailUrl\":\"https:\/\/seychelles.ca\/fr\/wp-content\/uploads\/2024\/01\/Cornelius-Bombay-Above-Ground-Pool.jpg\",\"datePublished\":\"2024-01-23T03:30:24+00:00\",\"dateModified\":\"2024-02-05T04:25:36+00:00\",\"breadcrumb\":{\"@id\":\"https:\/\/seychelles.ca\/fr\/product\/cornelius-bombay-above-ground-pool\/#breadcrumb\"},\"inLanguage\":\"en-CA\",\"potentialAction\":[{\"@type\":\"ReadAction\",\"target\":[\"https:\/\/seychelles.ca\/fr\/product\/cornelius-bombay-above-ground-pool\/\"]}]},{\"@type\":\"ImageObject\",\"inLanguage\":\"en-CA\",\"@id\":\"https:\/\/seychelles.ca\/fr\/product\/cornelius-bombay-above-ground-pool\/#primaryimage\",\"url\":\"https:\/\/seychelles.ca\/fr\/wp-content\/uploads\/2024\/01\/Cornelius-Bombay-Above-Ground-Pool.jpg\",\"contentUrl\":\"https:\/\/seychelles.ca\/fr\/wp-content\/uploads\/2024\/01\/Cornelius-Bombay-Above-Ground-Pool.jpg\",\"width\":1024,\"height\":1024},{\"@type\":\"BreadcrumbList\",\"@id\":\"https:\/\/seychelles.ca\/fr\/product\/cornelius-bombay-above-ground-pool\/#breadcrumb\",\"itemListElement\":[{\"@type\":\"ListItem\",\"position\":1,\"name\":\"Home\",\"item\":\"https:\/\/seychelles.ca\/fr\/\"},{\"@type\":\"ListItem\",\"position\":2,\"name\":\"Shop\",\"item\":\"https:\/\/seychelles.ca\/fr\/shop\/\"},{\"@type\":\"ListItem\",\"position\":3,\"name\":\"Cornelius Bombay Above Ground Pool\"}]},{\"@type\":\"WebSite\",\"@id\":\"https:\/\/seychelles.ca\/fr\/#website\",\"url\":\"https:\/\/seychelles.ca\/fr\/\",\"name\":\"Piscines et Spas Seychelles\",\"description\":\"Entretien, service, vente et produits pour piscines et spas\",\"publisher\":{\"@id\":\"https:\/\/seychelles.ca\/fr\/#organization\"},\"potentialAction\":[{\"@type\":\"SearchAction\",\"target\":{\"@type\":\"EntryPoint\",\"urlTemplate\":\"https:\/\/seychelles.ca\/fr\/?s={search_term_string}\"},\"query-input\":{\"@type\":\"PropertyValueSpecification\",\"valueRequired\":true,\"valueName\":\"search_term_string\"}}],\"inLanguage\":\"en-CA\"},{\"@type\":\"Organization\",\"@id\":\"https:\/\/seychelles.ca\/fr\/#organization\",\"name\":\"Seychelles Piscines And Spas\",\"url\":\"https:\/\/seychelles.ca\/fr\/\",\"logo\":{\"@type\":\"ImageObject\",\"inLanguage\":\"en-CA\",\"@id\":\"https:\/\/seychelles.ca\/fr\/#\/schema\/logo\/image\/\",\"url\":\"https:\/\/seychelles.ca\/fr\/wp-content\/uploads\/2019\/03\/cropped-logo.png\",\"contentUrl\":\"https:\/\/seychelles.ca\/fr\/wp-content\/uploads\/2019\/03\/cropped-logo.png\",\"width\":375,\"height\":80,\"caption\":\"Seychelles Piscines And Spas\"},\"image\":{\"@id\":\"https:\/\/seychelles.ca\/fr\/#\/schema\/logo\/image\/\"},\"sameAs\":[\"https:\/\/www.facebook.com\/seychellesspas\/\"]}]}<\/script>\n<!-- \/ Yoast SEO plugin. -->","yoast_head_json":{"title":"Cornelius Bombay Above Ground Pool - Piscines et Spas Seychelles Mont\u00e9al","robots":{"index":"index","follow":"follow","max-snippet":"max-snippet:-1","max-image-preview":"max-image-preview:large","max-video-preview":"max-video-preview:-1"},"canonical":"https:\/\/seychelles.ca\/fr\/product\/cornelius-bombay-above-ground-pool\/","og_locale":"en_US","og_type":"article","og_title":"Cornelius Bombay Above Ground Pool - Piscines et Spas Seychelles Mont\u00e9al","og_description":"Contactez Nous","og_url":"https:\/\/seychelles.ca\/fr\/product\/cornelius-bombay-above-ground-pool\/","og_site_name":"Piscines et Spas Seychelles Mont\u00e9al","article_publisher":"https:\/\/www.facebook.com\/seychellesspas\/","article_modified_time":"2024-02-05T04:25:36+00:00","og_image":[{"width":1024,"height":1024,"url":"https:\/\/seychelles.ca\/fr\/wp-content\/uploads\/2024\/01\/Cornelius-Bombay-Above-Ground-Pool.jpg","type":"image\/jpeg"}],"twitter_card":"summary_large_image","twitter_misc":{"Est. reading time":"1 minute"},"schema":{"@context":"https:\/\/schema.org","@graph":[{"@type":"WebPage","@id":"https:\/\/seychelles.ca\/fr\/product\/cornelius-bombay-above-ground-pool\/","url":"https:\/\/seychelles.ca\/fr\/product\/cornelius-bombay-above-ground-pool\/","name":"Cornelius Bombay Above Ground Pool - Piscines et Spas Seychelles Mont\u00e9al","isPartOf":{"@id":"https:\/\/seychelles.ca\/fr\/#website"},"primaryImageOfPage":{"@id":"https:\/\/seychelles.ca\/fr\/product\/cornelius-bombay-above-ground-pool\/#primaryimage"},"image":{"@id":"https:\/\/seychelles.ca\/fr\/product\/cornelius-bombay-above-ground-pool\/#primaryimage"},"thumbnailUrl":"https:\/\/seychelles.ca\/fr\/wp-content\/uploads\/2024\/01\/Cornelius-Bombay-Above-Ground-Pool.jpg","datePublished":"2024-01-23T03:30:24+00:00","dateModified":"2024-02-05T04:25:36+00:00","breadcrumb":{"@id":"https:\/\/seychelles.ca\/fr\/product\/cornelius-bombay-above-ground-pool\/#breadcrumb"},"inLanguage":"en-CA","potentialAction":[{"@type":"ReadAction","target":["https:\/\/seychelles.ca\/fr\/product\/cornelius-bombay-above-ground-pool\/"]}]},{"@type":"ImageObject","inLanguage":"en-CA","@id":"https:\/\/seychelles.ca\/fr\/product\/cornelius-bombay-above-ground-pool\/#primaryimage","url":"https:\/\/seychelles.ca\/fr\/wp-content\/uploads\/2024\/01\/Cornelius-Bombay-Above-Ground-Pool.jpg","contentUrl":"https:\/\/seychelles.ca\/fr\/wp-content\/uploads\/2024\/01\/Cornelius-Bombay-Above-Ground-Pool.jpg","width":1024,"height":1024},{"@type":"BreadcrumbList","@id":"https:\/\/seychelles.ca\/fr\/product\/cornelius-bombay-above-ground-pool\/#breadcrumb","itemListElement":[{"@type":"ListItem","position":1,"name":"Home","item":"https:\/\/seychelles.ca\/fr\/"},{"@type":"ListItem","position":2,"name":"Shop","item":"https:\/\/seychelles.ca\/fr\/shop\/"},{"@type":"ListItem","position":3,"name":"Cornelius Bombay Above Ground Pool"}]},{"@type":"WebSite","@id":"https:\/\/seychelles.ca\/fr\/#website","url":"https:\/\/seychelles.ca\/fr\/","name":"Piscines et Spas Seychelles","description":"Entretien, service, vente et produits pour piscines et spas","publisher":{"@id":"https:\/\/seychelles.ca\/fr\/#organization"},"potentialAction":[{"@type":"SearchAction","target":{"@type":"EntryPoint","urlTemplate":"https:\/\/seychelles.ca\/fr\/?s={search_term_string}"},"query-input":{"@type":"PropertyValueSpecification","valueRequired":true,"valueName":"search_term_string"}}],"inLanguage":"en-CA"},{"@type":"Organization","@id":"https:\/\/seychelles.ca\/fr\/#organization","name":"Seychelles Piscines And Spas","url":"https:\/\/seychelles.ca\/fr\/","logo":{"@type":"ImageObject","inLanguage":"en-CA","@id":"https:\/\/seychelles.ca\/fr\/#\/schema\/logo\/image\/","url":"https:\/\/seychelles.ca\/fr\/wp-content\/uploads\/2019\/03\/cropped-logo.png","contentUrl":"https:\/\/seychelles.ca\/fr\/wp-content\/uploads\/2019\/03\/cropped-logo.png","width":375,"height":80,"caption":"Seychelles Piscines And Spas"},"image":{"@id":"https:\/\/seychelles.ca\/fr\/#\/schema\/logo\/image\/"},"sameAs":["https:\/\/www.facebook.com\/seychellesspas\/"]}]}},"_links":{"self":[{"href":"https:\/\/seychelles.ca\/fr\/wp-json\/wp\/v2\/product\/14527"}],"collection":[{"href":"https:\/\/seychelles.ca\/fr\/wp-json\/wp\/v2\/product"}],"about":[{"href":"https:\/\/seychelles.ca\/fr\/wp-json\/wp\/v2\/types\/product"}],"replies":[{"embeddable":true,"href":"https:\/\/seychelles.ca\/fr\/wp-json\/wp\/v2\/comments?post=14527"}],"wp:featuredmedia":[{"embeddable":true,"href":"https:\/\/seychelles.ca\/fr\/wp-json\/wp\/v2\/media\/14537"}],"wp:attachment":[{"href":"https:\/\/seychelles.ca\/fr\/wp-json\/wp\/v2\/media?parent=14527"}],"wp:term":[{"taxonomy":"product_cat","embeddable":true,"href":"https:\/\/seychelles.ca\/fr\/wp-json\/wp\/v2\/product_cat?post=14527"},{"taxonomy":"product_tag","embeddable":true,"href":"https:\/\/seychelles.ca\/fr\/wp-json\/wp\/v2\/product_tag?post=14527"}],"curies":[{"name":"wp","href":"https:\/\/api.w.org\/{rel}","templated":true}]}}