{"id":14449,"date":"2024-01-22T03:58:56","date_gmt":"2024-01-22T03:58:56","guid":{"rendered":"https:\/\/seychelles.ca\/fr\/?post_type=product&#038;p=14449"},"modified":"2024-01-22T06:47:48","modified_gmt":"2024-01-22T06:47:48","slug":"image-small-couples-4-person-hot-tub","status":"publish","type":"product","link":"https:\/\/seychelles.ca\/fr\/product\/image-small-couples-4-person-hot-tub\/","title":{"rendered":"Image: Small Couples 4 Person Hot Tub"},"content":{"rendered":"<p>NOMBRE DE JETS: 22<br \/>\nNUMERO DE MODELE: IMGAG<\/p>\n<div class=\"two-column\">\n<div class=\"column1\"><strong>Jeu d&#8217;attributs<\/strong><br \/>\nForme : Rectangulaire<br \/>\nInfrastructure : Ossature bois<br \/>\nMat\u00e9riau du panneau : Panneaux recycl\u00e9s \u00e9cologiques<br \/>\nSi\u00e8ges : 4 \u00e0 5 personnes<br \/>\nSyst\u00e8me de contr\u00f4le : Technologie M7<br \/>\nSyst\u00e8me d\u2019isolation : Syst\u00e8me \u00e9nerg\u00e9tique vital<br \/>\nTransat : Non<\/p>\n<p><strong>Amplis<\/strong><br \/>\n1 X 10A<\/p>\n<\/div>\n<div class=\"column2\"><strong>Pompes<\/strong><br \/>\nPompe 1<br \/>\n2Hp\/4.0bHp, 2Sp<\/p>\n<p><strong>Taille<\/strong><br \/>\nCapacite maximale en eau: 237.00 G<br \/>\nHauteur exacte: 32&#8243;<br \/>\nLargeur exacte: 69&#8243;<br \/>\nLongueur exacte: 82&#8243;<br \/>\nPoids approximatif: 618.00 lb<\/p>\n<\/div>\n<div class=\"column3\"><strong>Couleurs internes:<\/strong><br \/>\nGlacier Mountain<br \/>\nStorm Clouds<br \/>\nMidnight Canyon<br \/>\nSmokey Mountain<br \/>\nTuscan Sun<br \/>\nSilver Marble<\/p>\n<p><strong>Couleurs externes:<\/strong><br \/>\nModern Mocha<br \/>\nPecan Ridge<br \/>\nResort Gray<\/p>\n<\/div>\n<\/div>\n","protected":false},"excerpt":{"rendered":"<p>82&#8243; x 69&#8243; x 32&#8243;<br \/>\n208cm x 175cm x 81cm<\/p>\n<ul>\n<li>Bain \u00e0 remous Escapade en couple<\/li>\n<li>Oreillers profil\u00e9s<\/li>\n<li>Dossier inclin\u00e9<\/li>\n<\/ul>\n<p><button class=\"shop_btn1\"><a href=\"https:\/\/seychelles.ca\/fr\/contact-us\/\">Contactez Nous<\/a><\/button><\/p>\n","protected":false},"featured_media":14475,"comment_status":"closed","ping_status":"closed","template":"","meta":{"site-sidebar-layout":"default","site-content-layout":"","ast-site-content-layout":"default","site-content-style":"default","site-sidebar-style":"default","ast-global-header-display":"","ast-banner-title-visibility":"","ast-main-header-display":"","ast-hfb-above-header-display":"","ast-hfb-below-header-display":"","ast-hfb-mobile-header-display":"","site-post-title":"","ast-breadcrumbs-content":"","ast-featured-img":"","footer-sml-layout":"","theme-transparent-header-meta":"default","adv-header-id-meta":"","stick-header-meta":"","header-above-stick-meta":"","header-main-stick-meta":"","header-below-stick-meta":"","astra-migrate-meta-layouts":"set","ast-page-background-enabled":"default","ast-page-background-meta":{"desktop":{"background-color":"","background-image":"","background-repeat":"repeat","background-position":"center center","background-size":"auto","background-attachment":"scroll","background-type":"","background-media":"","overlay-type":"","overlay-color":"","overlay-gradient":""},"tablet":{"background-color":"","background-image":"","background-repeat":"repeat","background-position":"center center","background-size":"auto","background-attachment":"scroll","background-type":"","background-media":"","overlay-type":"","overlay-color":"","overlay-gradient":""},"mobile":{"background-color":"","background-image":"","background-repeat":"repeat","background-position":"center center","background-size":"auto","background-attachment":"scroll","background-type":"","background-media":"","overlay-type":"","overlay-color":"","overlay-gradient":""}},"ast-content-background-meta":{"desktop":{"background-color":"var(--ast-global-color-5)","background-image":"","background-repeat":"repeat","background-position":"center center","background-size":"auto","background-attachment":"scroll","background-type":"","background-media":"","overlay-type":"","overlay-color":"","overlay-gradient":""},"tablet":{"background-color":"var(--ast-global-color-5)","background-image":"","background-repeat":"repeat","background-position":"center center","background-size":"auto","background-attachment":"scroll","background-type":"","background-media":"","overlay-type":"","overlay-color":"","overlay-gradient":""},"mobile":{"background-color":"var(--ast-global-color-5)","background-image":"","background-repeat":"repeat","background-position":"center center","background-size":"auto","background-attachment":"scroll","background-type":"","background-media":"","overlay-type":"","overlay-color":"","overlay-gradient":""}},"_vp_format_video_url":"","_vp_image_focal_point":[]},"product_cat":[57,53,52],"product_tag":[],"class_list":{"0":"post-14449","1":"product","2":"type-product","3":"status-publish","4":"has-post-thumbnail","6":"product_cat-100-serie","7":"product_cat-hot-tubs","8":"product_cat-vita-spa","9":"desktop-align-left","10":"tablet-align-left","11":"mobile-align-left","13":"first","14":"instock","15":"taxable","16":"shipping-taxable","17":"product-type-simple"},"yoast_head":"<!-- This site is optimized with the Yoast SEO plugin v23.7 - https:\/\/yoast.com\/wordpress\/plugins\/seo\/ -->\n<title>Image: Small Couples 4 Person Hot Tub - Piscines et Spas Seychelles Mont\u00e9al<\/title>\n<meta name=\"robots\" content=\"index, follow, max-snippet:-1, max-image-preview:large, max-video-preview:-1\" \/>\n<link rel=\"canonical\" href=\"https:\/\/seychelles.ca\/fr\/product\/image-small-couples-4-person-hot-tub\/\" \/>\n<meta property=\"og:locale\" content=\"en_US\" \/>\n<meta property=\"og:type\" content=\"article\" \/>\n<meta property=\"og:title\" content=\"Image: Small Couples 4 Person Hot Tub - Piscines et Spas Seychelles Mont\u00e9al\" \/>\n<meta property=\"og:description\" content=\"82&quot; x 69&quot; x 32&quot; 208cm x 175cm x 81cm   Bain \u00e0 remous Escapade en couple  Oreillers profil\u00e9s  Dossier inclin\u00e9  Contactez Nous\" \/>\n<meta property=\"og:url\" content=\"https:\/\/seychelles.ca\/fr\/product\/image-small-couples-4-person-hot-tub\/\" \/>\n<meta property=\"og:site_name\" content=\"Piscines et Spas Seychelles Mont\u00e9al\" \/>\n<meta property=\"article:publisher\" content=\"https:\/\/www.facebook.com\/seychellesspas\/\" \/>\n<meta property=\"article:modified_time\" content=\"2024-01-22T06:47:48+00:00\" \/>\n<meta property=\"og:image\" content=\"https:\/\/seychelles.ca\/fr\/wp-content\/uploads\/2024\/01\/Vita-Spa-Image-Hot-Tub-1.jpg\" \/>\n\t<meta property=\"og:image:width\" content=\"1260\" \/>\n\t<meta property=\"og:image:height\" content=\"1260\" \/>\n\t<meta property=\"og:image:type\" content=\"image\/jpeg\" \/>\n<meta name=\"twitter:card\" content=\"summary_large_image\" \/>\n<meta name=\"twitter:label1\" content=\"Est. reading time\" \/>\n\t<meta name=\"twitter:data1\" content=\"1 minute\" \/>\n<script type=\"application\/ld+json\" class=\"yoast-schema-graph\">{\"@context\":\"https:\/\/schema.org\",\"@graph\":[{\"@type\":\"WebPage\",\"@id\":\"https:\/\/seychelles.ca\/fr\/product\/image-small-couples-4-person-hot-tub\/\",\"url\":\"https:\/\/seychelles.ca\/fr\/product\/image-small-couples-4-person-hot-tub\/\",\"name\":\"Image: Small Couples 4 Person Hot Tub - Piscines et Spas Seychelles Mont\u00e9al\",\"isPartOf\":{\"@id\":\"https:\/\/seychelles.ca\/fr\/#website\"},\"primaryImageOfPage\":{\"@id\":\"https:\/\/seychelles.ca\/fr\/product\/image-small-couples-4-person-hot-tub\/#primaryimage\"},\"image\":{\"@id\":\"https:\/\/seychelles.ca\/fr\/product\/image-small-couples-4-person-hot-tub\/#primaryimage\"},\"thumbnailUrl\":\"https:\/\/seychelles.ca\/fr\/wp-content\/uploads\/2024\/01\/Vita-Spa-Image-Hot-Tub-1.jpg\",\"datePublished\":\"2024-01-22T03:58:56+00:00\",\"dateModified\":\"2024-01-22T06:47:48+00:00\",\"breadcrumb\":{\"@id\":\"https:\/\/seychelles.ca\/fr\/product\/image-small-couples-4-person-hot-tub\/#breadcrumb\"},\"inLanguage\":\"en-CA\",\"potentialAction\":[{\"@type\":\"ReadAction\",\"target\":[\"https:\/\/seychelles.ca\/fr\/product\/image-small-couples-4-person-hot-tub\/\"]}]},{\"@type\":\"ImageObject\",\"inLanguage\":\"en-CA\",\"@id\":\"https:\/\/seychelles.ca\/fr\/product\/image-small-couples-4-person-hot-tub\/#primaryimage\",\"url\":\"https:\/\/seychelles.ca\/fr\/wp-content\/uploads\/2024\/01\/Vita-Spa-Image-Hot-Tub-1.jpg\",\"contentUrl\":\"https:\/\/seychelles.ca\/fr\/wp-content\/uploads\/2024\/01\/Vita-Spa-Image-Hot-Tub-1.jpg\",\"width\":1260,\"height\":1260,\"caption\":\"Vita-Spa-Image-Hot-Tub\"},{\"@type\":\"BreadcrumbList\",\"@id\":\"https:\/\/seychelles.ca\/fr\/product\/image-small-couples-4-person-hot-tub\/#breadcrumb\",\"itemListElement\":[{\"@type\":\"ListItem\",\"position\":1,\"name\":\"Home\",\"item\":\"https:\/\/seychelles.ca\/fr\/\"},{\"@type\":\"ListItem\",\"position\":2,\"name\":\"Shop\",\"item\":\"https:\/\/seychelles.ca\/fr\/shop\/\"},{\"@type\":\"ListItem\",\"position\":3,\"name\":\"Image: Small Couples 4 Person Hot Tub\"}]},{\"@type\":\"WebSite\",\"@id\":\"https:\/\/seychelles.ca\/fr\/#website\",\"url\":\"https:\/\/seychelles.ca\/fr\/\",\"name\":\"Piscines et Spas Seychelles\",\"description\":\"Entretien, service, vente et produits pour piscines et spas\",\"publisher\":{\"@id\":\"https:\/\/seychelles.ca\/fr\/#organization\"},\"potentialAction\":[{\"@type\":\"SearchAction\",\"target\":{\"@type\":\"EntryPoint\",\"urlTemplate\":\"https:\/\/seychelles.ca\/fr\/?s={search_term_string}\"},\"query-input\":{\"@type\":\"PropertyValueSpecification\",\"valueRequired\":true,\"valueName\":\"search_term_string\"}}],\"inLanguage\":\"en-CA\"},{\"@type\":\"Organization\",\"@id\":\"https:\/\/seychelles.ca\/fr\/#organization\",\"name\":\"Seychelles Piscines And Spas\",\"url\":\"https:\/\/seychelles.ca\/fr\/\",\"logo\":{\"@type\":\"ImageObject\",\"inLanguage\":\"en-CA\",\"@id\":\"https:\/\/seychelles.ca\/fr\/#\/schema\/logo\/image\/\",\"url\":\"https:\/\/seychelles.ca\/fr\/wp-content\/uploads\/2019\/03\/cropped-logo.png\",\"contentUrl\":\"https:\/\/seychelles.ca\/fr\/wp-content\/uploads\/2019\/03\/cropped-logo.png\",\"width\":375,\"height\":80,\"caption\":\"Seychelles Piscines And Spas\"},\"image\":{\"@id\":\"https:\/\/seychelles.ca\/fr\/#\/schema\/logo\/image\/\"},\"sameAs\":[\"https:\/\/www.facebook.com\/seychellesspas\/\"]}]}<\/script>\n<!-- \/ Yoast SEO plugin. -->","yoast_head_json":{"title":"Image: Small Couples 4 Person Hot Tub - Piscines et Spas Seychelles Mont\u00e9al","robots":{"index":"index","follow":"follow","max-snippet":"max-snippet:-1","max-image-preview":"max-image-preview:large","max-video-preview":"max-video-preview:-1"},"canonical":"https:\/\/seychelles.ca\/fr\/product\/image-small-couples-4-person-hot-tub\/","og_locale":"en_US","og_type":"article","og_title":"Image: Small Couples 4 Person Hot Tub - Piscines et Spas Seychelles Mont\u00e9al","og_description":"82\" x 69\" x 32\" 208cm x 175cm x 81cm   Bain \u00e0 remous Escapade en couple  Oreillers profil\u00e9s  Dossier inclin\u00e9  Contactez Nous","og_url":"https:\/\/seychelles.ca\/fr\/product\/image-small-couples-4-person-hot-tub\/","og_site_name":"Piscines et Spas Seychelles Mont\u00e9al","article_publisher":"https:\/\/www.facebook.com\/seychellesspas\/","article_modified_time":"2024-01-22T06:47:48+00:00","og_image":[{"width":1260,"height":1260,"url":"https:\/\/seychelles.ca\/fr\/wp-content\/uploads\/2024\/01\/Vita-Spa-Image-Hot-Tub-1.jpg","type":"image\/jpeg"}],"twitter_card":"summary_large_image","twitter_misc":{"Est. reading time":"1 minute"},"schema":{"@context":"https:\/\/schema.org","@graph":[{"@type":"WebPage","@id":"https:\/\/seychelles.ca\/fr\/product\/image-small-couples-4-person-hot-tub\/","url":"https:\/\/seychelles.ca\/fr\/product\/image-small-couples-4-person-hot-tub\/","name":"Image: Small Couples 4 Person Hot Tub - Piscines et Spas Seychelles Mont\u00e9al","isPartOf":{"@id":"https:\/\/seychelles.ca\/fr\/#website"},"primaryImageOfPage":{"@id":"https:\/\/seychelles.ca\/fr\/product\/image-small-couples-4-person-hot-tub\/#primaryimage"},"image":{"@id":"https:\/\/seychelles.ca\/fr\/product\/image-small-couples-4-person-hot-tub\/#primaryimage"},"thumbnailUrl":"https:\/\/seychelles.ca\/fr\/wp-content\/uploads\/2024\/01\/Vita-Spa-Image-Hot-Tub-1.jpg","datePublished":"2024-01-22T03:58:56+00:00","dateModified":"2024-01-22T06:47:48+00:00","breadcrumb":{"@id":"https:\/\/seychelles.ca\/fr\/product\/image-small-couples-4-person-hot-tub\/#breadcrumb"},"inLanguage":"en-CA","potentialAction":[{"@type":"ReadAction","target":["https:\/\/seychelles.ca\/fr\/product\/image-small-couples-4-person-hot-tub\/"]}]},{"@type":"ImageObject","inLanguage":"en-CA","@id":"https:\/\/seychelles.ca\/fr\/product\/image-small-couples-4-person-hot-tub\/#primaryimage","url":"https:\/\/seychelles.ca\/fr\/wp-content\/uploads\/2024\/01\/Vita-Spa-Image-Hot-Tub-1.jpg","contentUrl":"https:\/\/seychelles.ca\/fr\/wp-content\/uploads\/2024\/01\/Vita-Spa-Image-Hot-Tub-1.jpg","width":1260,"height":1260,"caption":"Vita-Spa-Image-Hot-Tub"},{"@type":"BreadcrumbList","@id":"https:\/\/seychelles.ca\/fr\/product\/image-small-couples-4-person-hot-tub\/#breadcrumb","itemListElement":[{"@type":"ListItem","position":1,"name":"Home","item":"https:\/\/seychelles.ca\/fr\/"},{"@type":"ListItem","position":2,"name":"Shop","item":"https:\/\/seychelles.ca\/fr\/shop\/"},{"@type":"ListItem","position":3,"name":"Image: Small Couples 4 Person Hot Tub"}]},{"@type":"WebSite","@id":"https:\/\/seychelles.ca\/fr\/#website","url":"https:\/\/seychelles.ca\/fr\/","name":"Piscines et Spas Seychelles","description":"Entretien, service, vente et produits pour piscines et spas","publisher":{"@id":"https:\/\/seychelles.ca\/fr\/#organization"},"potentialAction":[{"@type":"SearchAction","target":{"@type":"EntryPoint","urlTemplate":"https:\/\/seychelles.ca\/fr\/?s={search_term_string}"},"query-input":{"@type":"PropertyValueSpecification","valueRequired":true,"valueName":"search_term_string"}}],"inLanguage":"en-CA"},{"@type":"Organization","@id":"https:\/\/seychelles.ca\/fr\/#organization","name":"Seychelles Piscines And Spas","url":"https:\/\/seychelles.ca\/fr\/","logo":{"@type":"ImageObject","inLanguage":"en-CA","@id":"https:\/\/seychelles.ca\/fr\/#\/schema\/logo\/image\/","url":"https:\/\/seychelles.ca\/fr\/wp-content\/uploads\/2019\/03\/cropped-logo.png","contentUrl":"https:\/\/seychelles.ca\/fr\/wp-content\/uploads\/2019\/03\/cropped-logo.png","width":375,"height":80,"caption":"Seychelles Piscines And Spas"},"image":{"@id":"https:\/\/seychelles.ca\/fr\/#\/schema\/logo\/image\/"},"sameAs":["https:\/\/www.facebook.com\/seychellesspas\/"]}]}},"_links":{"self":[{"href":"https:\/\/seychelles.ca\/fr\/wp-json\/wp\/v2\/product\/14449"}],"collection":[{"href":"https:\/\/seychelles.ca\/fr\/wp-json\/wp\/v2\/product"}],"about":[{"href":"https:\/\/seychelles.ca\/fr\/wp-json\/wp\/v2\/types\/product"}],"replies":[{"embeddable":true,"href":"https:\/\/seychelles.ca\/fr\/wp-json\/wp\/v2\/comments?post=14449"}],"wp:featuredmedia":[{"embeddable":true,"href":"https:\/\/seychelles.ca\/fr\/wp-json\/wp\/v2\/media\/14475"}],"wp:attachment":[{"href":"https:\/\/seychelles.ca\/fr\/wp-json\/wp\/v2\/media?parent=14449"}],"wp:term":[{"taxonomy":"product_cat","embeddable":true,"href":"https:\/\/seychelles.ca\/fr\/wp-json\/wp\/v2\/product_cat?post=14449"},{"taxonomy":"product_tag","embeddable":true,"href":"https:\/\/seychelles.ca\/fr\/wp-json\/wp\/v2\/product_tag?post=14449"}],"curies":[{"name":"wp","href":"https:\/\/api.w.org\/{rel}","templated":true}]}}