{"id":2860,"date":"2021-03-21T14:33:14","date_gmt":"2021-03-21T14:33:14","guid":{"rendered":"https:\/\/seychelles.ca\/fr\/?page_id=2860"},"modified":"2024-09-30T06:34:39","modified_gmt":"2024-09-30T06:34:39","slug":"badu-jet","status":"publish","type":"page","link":"https:\/\/seychelles.ca\/fr\/badu-jet\/","title":{"rendered":"BADU JET"},"content":{"rendered":"\t\t<div data-elementor-type=\"wp-page\" data-elementor-id=\"2860\" class=\"elementor elementor-2860\" data-elementor-post-type=\"page\">\n\t\t\t\t\t\t<section class=\"elementor-section elementor-top-section elementor-element elementor-element-8495056 elementor-section-full_width elementor-section-height-default elementor-section-height-default\" data-id=\"8495056\" data-element_type=\"section\">\n\t\t\t\t\t\t<div class=\"elementor-container elementor-column-gap-no\">\n\t\t\t\t\t<div class=\"elementor-column elementor-col-100 elementor-top-column elementor-element elementor-element-b22dc70\" data-id=\"b22dc70\" data-element_type=\"column\">\n\t\t\t<div class=\"elementor-widget-wrap elementor-element-populated\">\n\t\t\t\t\t\t<div class=\"elementor-element elementor-element-5614bcc elementor-widget__width-inherit elementor-widget elementor-widget-video\" data-id=\"5614bcc\" data-element_type=\"widget\" data-settings=\"{&quot;youtube_url&quot;:&quot;https:\\\/\\\/youtu.be\\\/uMiHyg0RRyo&quot;,&quot;autoplay&quot;:&quot;yes&quot;,&quot;play_on_mobile&quot;:&quot;yes&quot;,&quot;mute&quot;:&quot;yes&quot;,&quot;loop&quot;:&quot;yes&quot;,&quot;video_type&quot;:&quot;youtube&quot;}\" data-widget_type=\"video.default\">\n\t\t\t\t<div class=\"elementor-widget-container\">\n\t\t\t\t\t<div class=\"elementor-wrapper elementor-open-inline\">\n\t\t\t<div class=\"elementor-video\"><\/div>\t\t<\/div>\n\t\t\t\t<\/div>\n\t\t\t\t<\/div>\n\t\t\t\t\t<\/div>\n\t\t<\/div>\n\t\t\t\t\t<\/div>\n\t\t<\/section>\n\t\t\t\t<section class=\"elementor-section elementor-top-section elementor-element elementor-element-b99da2b elementor-section-boxed elementor-section-height-default elementor-section-height-default\" data-id=\"b99da2b\" data-element_type=\"section\">\n\t\t\t\t\t\t<div class=\"elementor-container elementor-column-gap-default\">\n\t\t\t\t\t<div class=\"elementor-column elementor-col-100 elementor-top-column elementor-element elementor-element-db08bf3\" data-id=\"db08bf3\" data-element_type=\"column\">\n\t\t\t<div class=\"elementor-widget-wrap elementor-element-populated\">\n\t\t\t\t\t\t<div class=\"elementor-element elementor-element-01c3b6c elementor-widget elementor-widget-image\" data-id=\"01c3b6c\" data-element_type=\"widget\" data-widget_type=\"image.default\">\n\t\t\t\t<div class=\"elementor-widget-container\">\n\t\t\t\t\t\t\t\t\t\t\t\t\t<noscript><img fetchpriority=\"high\" decoding=\"async\" width=\"1024\" height=\"305\" data-skip-lazy src=\"https:\/\/seychelles.ca\/fr\/wp-content\/uploads\/2021\/03\/badujets-1024x305.jpg\" class=\"attachment-large size-large wp-image-2862\" alt=\"\" srcset=\"https:\/\/seychelles.ca\/fr\/wp-content\/uploads\/2021\/03\/badujets-1024x305.jpg 1024w, https:\/\/seychelles.ca\/fr\/wp-content\/uploads\/2021\/03\/badujets-600x179.jpg 600w, https:\/\/seychelles.ca\/fr\/wp-content\/uploads\/2021\/03\/badujets-300x89.jpg 300w, https:\/\/seychelles.ca\/fr\/wp-content\/uploads\/2021\/03\/badujets-768x229.jpg 768w, https:\/\/seychelles.ca\/fr\/wp-content\/uploads\/2021\/03\/badujets.jpg 1139w\" sizes=\"(max-width: 1024px) 100vw, 1024px\" \/><\/noscript><img fetchpriority=\"high\" decoding=\"async\" width=\"1024\" height=\"305\" src=\"https:\/\/seychelles.ca\/fr\/wp-content\/uploads\/2021\/03\/badujets-1024x305.jpg\" class=\"attachment-large size-large wp-image-2862 vp-lazyload\" alt srcset=\"data:image\/svg+xml;base64,PHN2ZyB3aWR0aD0iMTAyNCIgaGVpZ2h0PSIzMDUiIHZpZXdCb3g9IjAgMCAxMDI0IDMwNSIgZmlsbD0ibm9uZSIgeG1sbnM9Imh0dHA6Ly93d3cudzMub3JnLzIwMDAvc3ZnIj48L3N2Zz4=\" data-src=\"https:\/\/seychelles.ca\/fr\/wp-content\/uploads\/2021\/03\/badujets-1024x305.jpg\" data-srcset=\"https:\/\/seychelles.ca\/fr\/wp-content\/uploads\/2021\/03\/badujets-1024x305.jpg 1024w, https:\/\/seychelles.ca\/fr\/wp-content\/uploads\/2021\/03\/badujets-600x179.jpg 600w, https:\/\/seychelles.ca\/fr\/wp-content\/uploads\/2021\/03\/badujets-300x89.jpg 300w, https:\/\/seychelles.ca\/fr\/wp-content\/uploads\/2021\/03\/badujets-768x229.jpg 768w, https:\/\/seychelles.ca\/fr\/wp-content\/uploads\/2021\/03\/badujets.jpg 1139w\" data-sizes=\"auto\" loading=\"eager\">\t\t\t\t\t\t\t\t\t\t\t\t\t<\/div>\n\t\t\t\t<\/div>\n\t\t\t\t\t<\/div>\n\t\t<\/div>\n\t\t\t\t\t<\/div>\n\t\t<\/section>\n\t\t\t\t<section class=\"elementor-section elementor-top-section elementor-element elementor-element-572e0b2 elementor-section-boxed elementor-section-height-default elementor-section-height-default\" data-id=\"572e0b2\" data-element_type=\"section\">\n\t\t\t\t\t\t<div class=\"elementor-container elementor-column-gap-default\">\n\t\t\t\t\t<div class=\"elementor-column elementor-col-100 elementor-top-column elementor-element elementor-element-dace2c3\" data-id=\"dace2c3\" data-element_type=\"column\">\n\t\t\t<div class=\"elementor-widget-wrap elementor-element-populated\">\n\t\t\t\t\t\t<div class=\"elementor-element elementor-element-1a60957 elementor-align-center elementor-widget elementor-widget-button\" data-id=\"1a60957\" data-element_type=\"widget\" data-widget_type=\"button.default\">\n\t\t\t\t<div class=\"elementor-widget-container\">\n\t\t\t\t\t<div class=\"elementor-button-wrapper\">\n\t\t\t<a class=\"elementor-button elementor-button-link elementor-size-sm elementor-animation-grow\" href=\"https:\/\/www.badujet.com\/\" target=\"_blank\">\n\t\t\t\t\t\t<span class=\"elementor-button-content-wrapper\">\n\t\t\t\t\t\t\t\t\t<span class=\"elementor-button-text\">Cliquez ici pour plus d'informations!<\/span>\n\t\t\t\t\t<\/span>\n\t\t\t\t\t<\/a>\n\t\t<\/div>\n\t\t\t\t<\/div>\n\t\t\t\t<\/div>\n\t\t\t\t\t<\/div>\n\t\t<\/div>\n\t\t\t\t\t<\/div>\n\t\t<\/section>\n\t\t\t\t<section class=\"elementor-section elementor-top-section elementor-element elementor-element-5e13881 elementor-section-boxed elementor-section-height-default elementor-section-height-default\" data-id=\"5e13881\" data-element_type=\"section\" data-settings=\"{&quot;background_background&quot;:&quot;classic&quot;}\">\n\t\t\t\t\t\t<div class=\"elementor-container elementor-column-gap-default\">\n\t\t\t\t\t<div class=\"elementor-column elementor-col-100 elementor-top-column elementor-element elementor-element-061ea96\" data-id=\"061ea96\" data-element_type=\"column\">\n\t\t\t<div class=\"elementor-widget-wrap elementor-element-populated\">\n\t\t\t\t\t\t<div class=\"elementor-element elementor-element-6ed29c6 elementor-widget__width-auto elementor-widget elementor-widget-image\" data-id=\"6ed29c6\" data-element_type=\"widget\" data-widget_type=\"image.default\">\n\t\t\t\t<div class=\"elementor-widget-container\">\n\t\t\t\t\t\t\t\t\t\t\t\t\t<noscript><img decoding=\"async\" width=\"277\" height=\"51\" data-skip-lazy src=\"https:\/\/seychelles.ca\/fr\/wp-content\/uploads\/2019\/03\/financeIt.png\" class=\"attachment-full size-full wp-image-835\" alt=\"\" \/><\/noscript><img decoding=\"async\" width=\"277\" height=\"51\" src=\"data:image\/svg+xml;base64,PHN2ZyB3aWR0aD0iMjc3IiBoZWlnaHQ9IjUxIiB2aWV3Qm94PSIwIDAgMjc3IDUxIiBmaWxsPSJub25lIiB4bWxucz0iaHR0cDovL3d3dy53My5vcmcvMjAwMC9zdmciPjwvc3ZnPg==\" class=\"attachment-full size-full wp-image-835 vp-lazyload\" alt data-src=\"https:\/\/seychelles.ca\/fr\/wp-content\/uploads\/2019\/03\/financeIt.png\" data-sizes=\"auto\" loading=\"eager\">\t\t\t\t\t\t\t\t\t\t\t\t\t<\/div>\n\t\t\t\t<\/div>\n\t\t\t\t<div class=\"elementor-element elementor-element-916fcff elementor-widget elementor-widget-heading\" data-id=\"916fcff\" data-element_type=\"widget\" data-widget_type=\"heading.default\">\n\t\t\t\t<div class=\"elementor-widget-container\">\n\t\t\t<p class=\"elementor-heading-title elementor-size-small\">Facilitez Votre Achat<\/br>\nPiscines Hors Terre \u00c0 Partir De 38,80 $ *<\/p>\t\t<\/div>\n\t\t\t\t<\/div>\n\t\t\t\t<div class=\"elementor-element elementor-element-7d3ed30 elementor-widget elementor-widget-heading\" data-id=\"7d3ed30\" data-element_type=\"widget\" data-widget_type=\"heading.default\">\n\t\t\t\t<div class=\"elementor-widget-container\">\n\t\t\t<p class=\"elementor-heading-title elementor-size-default\">Approuv\u00e9 En Quelques Minutes.<\/br>\nPas D'obligation.\nAucun Engagement \u00c0 Acheter.<\/p>\t\t<\/div>\n\t\t\t\t<\/div>\n\t\t\t\t<div class=\"elementor-element elementor-element-7c8f312 elementor-align-center elementor-widget elementor-widget-button\" data-id=\"7c8f312\" data-element_type=\"widget\" data-widget_type=\"button.default\">\n\t\t\t\t<div class=\"elementor-widget-container\">\n\t\t\t\t\t<div class=\"elementor-button-wrapper\">\n\t\t\t<a class=\"elementor-button elementor-button-link elementor-size-sm elementor-animation-grow\" href=\"https:\/\/www.financeit.ca\/fr\/partner\/calculator\/standalone?spid=18a3b348-64e5-48f3-b54e-ba690d2d8b78\" target=\"_blank\">\n\t\t\t\t\t\t<span class=\"elementor-button-content-wrapper\">\n\t\t\t\t\t\t\t\t\t<span class=\"elementor-button-text\">Finance It<\/span>\n\t\t\t\t\t<\/span>\n\t\t\t\t\t<\/a>\n\t\t<\/div>\n\t\t\t\t<\/div>\n\t\t\t\t<\/div>\n\t\t\t\t<div class=\"elementor-element elementor-element-4fba189 elementor-widget elementor-widget-heading\" data-id=\"4fba189\" data-element_type=\"widget\" data-widget_type=\"heading.default\">\n\t\t\t\t<div class=\"elementor-widget-container\">\n\t\t\t<p class=\"elementor-heading-title elementor-size-default\">* SOUS R\u00c9SERVE D'UNE APPROBATION DE CR\u00c9DIT. LE TAUX D'INT\u00c9R\u00caT R\u00c9EL, LE SEUIL DU MONTANT D'ACHAT, LES PAIEMENTS ET LES CONDITIONS SONT SUJETS \u00c0 MODIFICATION ET PEUVENT VARIER. LE PAIEMENT ET LE TAUX D'INT\u00c9R\u00caT S'APPLIQUENT POUR UNE DUR\u00c9E LIMIT\u00c9E. \u00c0 DES FINS D'INFORMATION UNIQUEMENT. PAS UNE OFFRE FINALE.<\/p>\t\t<\/div>\n\t\t\t\t<\/div>\n\t\t\t\t\t<\/div>\n\t\t<\/div>\n\t\t\t\t\t<\/div>\n\t\t<\/section>\n\t\t\t\t<section class=\"elementor-section elementor-top-section elementor-element elementor-element-9371e7f elementor-section-boxed elementor-section-height-default elementor-section-height-default\" data-id=\"9371e7f\" data-element_type=\"section\">\n\t\t\t\t\t\t<div class=\"elementor-container elementor-column-gap-default\">\n\t\t\t\t\t<div class=\"elementor-column elementor-col-100 elementor-top-column elementor-element elementor-element-c030d87\" data-id=\"c030d87\" data-element_type=\"column\">\n\t\t\t<div class=\"elementor-widget-wrap elementor-element-populated\">\n\t\t\t\t\t\t<div class=\"elementor-element elementor-element-183fba9 elementor-widget elementor-widget-heading\" data-id=\"183fba9\" data-element_type=\"widget\" data-widget_type=\"heading.default\">\n\t\t\t\t<div class=\"elementor-widget-container\">\n\t\t\t<h1 class=\"elementor-heading-title elementor-size-default\">CONTACTEZ-NOUS<\/h1>\t\t<\/div>\n\t\t\t\t<\/div>\n\t\t\t\t<div class=\"elementor-element elementor-element-055575a elementor-widget elementor-widget-html\" data-id=\"055575a\" data-element_type=\"widget\" data-widget_type=\"html.default\">\n\t\t\t\t<div class=\"elementor-widget-container\">\n\t\t\t<iframe style=\"width: 100%; border: none;\" title=\"DEVIS \/ QOUTE\" src=\"https:\/\/seychelles.ca\/machform\/embed.php?id=20292\" height=\"1150\" frameborder=\"0\" scrolling=\"yes\"><a href=\"https:\/\/seychelles.ca\/machform\/view.php?id=20292\" title=\"DEVIS \/ QOUTE\">DEVIS \/ QOUTE<\/a> <\/iframe>\t\t<\/div>\n\t\t\t\t<\/div>\n\t\t\t\t\t<\/div>\n\t\t<\/div>\n\t\t\t\t\t<\/div>\n\t\t<\/section>\n\t\t\t\t<\/div>\n\t\t","protected":false},"excerpt":{"rendered":"<p>Cliquez ici pour plus d&#8217;informations! Facilitez Votre Achat Piscines Hors Terre \u00c0 Partir De 38,80 $ * Approuv\u00e9 En Quelques Minutes. Pas D&#8217;obligation. Aucun Engagement \u00c0 Acheter. Finance It * SOUS R\u00c9SERVE D&#8217;UNE APPROBATION DE CR\u00c9DIT. LE TAUX D&#8217;INT\u00c9R\u00caT R\u00c9EL, LE SEUIL DU MONTANT D&#8217;ACHAT, LES PAIEMENTS ET LES CONDITIONS SONT SUJETS \u00c0 MODIFICATION ET [&hellip;]<\/p>\n","protected":false},"author":4,"featured_media":2866,"parent":0,"menu_order":0,"comment_status":"closed","ping_status":"closed","template":"","meta":{"site-sidebar-layout":"no-sidebar","site-content-layout":"page-builder","ast-site-content-layout":"","site-content-style":"default","site-sidebar-style":"default","ast-global-header-display":"","ast-banner-title-visibility":"","ast-main-header-display":"","ast-hfb-above-header-display":"","ast-hfb-below-header-display":"","ast-hfb-mobile-header-display":"","site-post-title":"disabled","ast-breadcrumbs-content":"","ast-featured-img":"disabled","footer-sml-layout":"","theme-transparent-header-meta":"default","adv-header-id-meta":"","stick-header-meta":"","header-above-stick-meta":"","header-main-stick-meta":"","header-below-stick-meta":"","astra-migrate-meta-layouts":"default","ast-page-background-enabled":"default","ast-page-background-meta":{"desktop":{"background-color":"","background-image":"","background-repeat":"repeat","background-position":"center center","background-size":"auto","background-attachment":"scroll","background-type":"","background-media":"","overlay-type":"","overlay-color":"","overlay-gradient":""},"tablet":{"background-color":"","background-image":"","background-repeat":"repeat","background-position":"center center","background-size":"auto","background-attachment":"scroll","background-type":"","background-media":"","overlay-type":"","overlay-color":"","overlay-gradient":""},"mobile":{"background-color":"","background-image":"","background-repeat":"repeat","background-position":"center center","background-size":"auto","background-attachment":"scroll","background-type":"","background-media":"","overlay-type":"","overlay-color":"","overlay-gradient":""}},"ast-content-background-meta":{"desktop":{"background-color":"var(--ast-global-color-5)","background-image":"","background-repeat":"repeat","background-position":"center center","background-size":"auto","background-attachment":"scroll","background-type":"","background-media":"","overlay-type":"","overlay-color":"","overlay-gradient":""},"tablet":{"background-color":"var(--ast-global-color-5)","background-image":"","background-repeat":"repeat","background-position":"center center","background-size":"auto","background-attachment":"scroll","background-type":"","background-media":"","overlay-type":"","overlay-color":"","overlay-gradient":""},"mobile":{"background-color":"var(--ast-global-color-5)","background-image":"","background-repeat":"repeat","background-position":"center center","background-size":"auto","background-attachment":"scroll","background-type":"","background-media":"","overlay-type":"","overlay-color":"","overlay-gradient":""}},"_vp_format_video_url":"","_vp_image_focal_point":[],"footnotes":""},"class_list":["post-2860","page","type-page","status-publish","has-post-thumbnail","hentry"],"yoast_head":"<!-- This site is optimized with the Yoast SEO plugin v23.7 - https:\/\/yoast.com\/wordpress\/plugins\/seo\/ -->\n<title>BADU JET - Piscines et Spas Seychelles Mont\u00e9al<\/title>\n<meta name=\"robots\" content=\"index, follow, max-snippet:-1, max-image-preview:large, max-video-preview:-1\" \/>\n<link rel=\"canonical\" href=\"https:\/\/seychelles.ca\/fr\/badu-jet\/\" \/>\n<meta property=\"og:locale\" content=\"en_US\" \/>\n<meta property=\"og:type\" content=\"article\" \/>\n<meta property=\"og:title\" content=\"BADU JET - Piscines et Spas Seychelles Mont\u00e9al\" \/>\n<meta property=\"og:description\" content=\"Cliquez ici pour plus d&#8217;informations! Facilitez Votre Achat Piscines Hors Terre \u00c0 Partir De 38,80 $ * Approuv\u00e9 En Quelques Minutes. Pas D&#8217;obligation. Aucun Engagement \u00c0 Acheter. Finance It * SOUS R\u00c9SERVE D&#8217;UNE APPROBATION DE CR\u00c9DIT. LE TAUX D&#8217;INT\u00c9R\u00caT R\u00c9EL, LE SEUIL DU MONTANT D&#8217;ACHAT, LES PAIEMENTS ET LES CONDITIONS SONT SUJETS \u00c0 MODIFICATION ET [&hellip;]\" \/>\n<meta property=\"og:url\" content=\"https:\/\/seychelles.ca\/fr\/badu-jet\/\" \/>\n<meta property=\"og:site_name\" content=\"Piscines et Spas Seychelles Mont\u00e9al\" \/>\n<meta property=\"article:publisher\" content=\"https:\/\/www.facebook.com\/seychellesspas\/\" \/>\n<meta property=\"article:modified_time\" content=\"2024-09-30T06:34:39+00:00\" \/>\n<meta property=\"og:image\" content=\"https:\/\/seychelles.ca\/fr\/wp-content\/uploads\/2021\/03\/Badustream-menu.png\" \/>\n\t<meta property=\"og:image:width\" content=\"300\" \/>\n\t<meta property=\"og:image:height\" content=\"300\" \/>\n\t<meta property=\"og:image:type\" content=\"image\/png\" \/>\n<meta name=\"twitter:card\" content=\"summary_large_image\" \/>\n<meta name=\"twitter:label1\" content=\"Est. reading time\" \/>\n\t<meta name=\"twitter:data1\" content=\"2 minutes\" \/>\n<script type=\"application\/ld+json\" class=\"yoast-schema-graph\">{\"@context\":\"https:\/\/schema.org\",\"@graph\":[{\"@type\":\"WebPage\",\"@id\":\"https:\/\/seychelles.ca\/fr\/badu-jet\/\",\"url\":\"https:\/\/seychelles.ca\/fr\/badu-jet\/\",\"name\":\"BADU JET - Piscines et Spas Seychelles Mont\u00e9al\",\"isPartOf\":{\"@id\":\"https:\/\/seychelles.ca\/fr\/#website\"},\"primaryImageOfPage\":{\"@id\":\"https:\/\/seychelles.ca\/fr\/badu-jet\/#primaryimage\"},\"image\":{\"@id\":\"https:\/\/seychelles.ca\/fr\/badu-jet\/#primaryimage\"},\"thumbnailUrl\":\"https:\/\/seychelles.ca\/fr\/wp-content\/uploads\/2021\/03\/Badustream-menu.png\",\"datePublished\":\"2021-03-21T14:33:14+00:00\",\"dateModified\":\"2024-09-30T06:34:39+00:00\",\"breadcrumb\":{\"@id\":\"https:\/\/seychelles.ca\/fr\/badu-jet\/#breadcrumb\"},\"inLanguage\":\"en-CA\",\"potentialAction\":[{\"@type\":\"ReadAction\",\"target\":[\"https:\/\/seychelles.ca\/fr\/badu-jet\/\"]}]},{\"@type\":\"ImageObject\",\"inLanguage\":\"en-CA\",\"@id\":\"https:\/\/seychelles.ca\/fr\/badu-jet\/#primaryimage\",\"url\":\"https:\/\/seychelles.ca\/fr\/wp-content\/uploads\/2021\/03\/Badustream-menu.png\",\"contentUrl\":\"https:\/\/seychelles.ca\/fr\/wp-content\/uploads\/2021\/03\/Badustream-menu.png\",\"width\":300,\"height\":300},{\"@type\":\"BreadcrumbList\",\"@id\":\"https:\/\/seychelles.ca\/fr\/badu-jet\/#breadcrumb\",\"itemListElement\":[{\"@type\":\"ListItem\",\"position\":1,\"name\":\"Home\",\"item\":\"https:\/\/seychelles.ca\/fr\/\"},{\"@type\":\"ListItem\",\"position\":2,\"name\":\"BADU JET\"}]},{\"@type\":\"WebSite\",\"@id\":\"https:\/\/seychelles.ca\/fr\/#website\",\"url\":\"https:\/\/seychelles.ca\/fr\/\",\"name\":\"Piscines et Spas Seychelles\",\"description\":\"Entretien, service, vente et produits pour piscines et spas\",\"publisher\":{\"@id\":\"https:\/\/seychelles.ca\/fr\/#organization\"},\"potentialAction\":[{\"@type\":\"SearchAction\",\"target\":{\"@type\":\"EntryPoint\",\"urlTemplate\":\"https:\/\/seychelles.ca\/fr\/?s={search_term_string}\"},\"query-input\":{\"@type\":\"PropertyValueSpecification\",\"valueRequired\":true,\"valueName\":\"search_term_string\"}}],\"inLanguage\":\"en-CA\"},{\"@type\":\"Organization\",\"@id\":\"https:\/\/seychelles.ca\/fr\/#organization\",\"name\":\"Seychelles Piscines And Spas\",\"url\":\"https:\/\/seychelles.ca\/fr\/\",\"logo\":{\"@type\":\"ImageObject\",\"inLanguage\":\"en-CA\",\"@id\":\"https:\/\/seychelles.ca\/fr\/#\/schema\/logo\/image\/\",\"url\":\"https:\/\/seychelles.ca\/fr\/wp-content\/uploads\/2019\/03\/cropped-logo.png\",\"contentUrl\":\"https:\/\/seychelles.ca\/fr\/wp-content\/uploads\/2019\/03\/cropped-logo.png\",\"width\":375,\"height\":80,\"caption\":\"Seychelles Piscines And Spas\"},\"image\":{\"@id\":\"https:\/\/seychelles.ca\/fr\/#\/schema\/logo\/image\/\"},\"sameAs\":[\"https:\/\/www.facebook.com\/seychellesspas\/\"]}]}<\/script>\n<!-- \/ Yoast SEO plugin. -->","yoast_head_json":{"title":"BADU JET - Piscines et Spas Seychelles Mont\u00e9al","robots":{"index":"index","follow":"follow","max-snippet":"max-snippet:-1","max-image-preview":"max-image-preview:large","max-video-preview":"max-video-preview:-1"},"canonical":"https:\/\/seychelles.ca\/fr\/badu-jet\/","og_locale":"en_US","og_type":"article","og_title":"BADU JET - Piscines et Spas Seychelles Mont\u00e9al","og_description":"Cliquez ici pour plus d&#8217;informations! Facilitez Votre Achat Piscines Hors Terre \u00c0 Partir De 38,80 $ * Approuv\u00e9 En Quelques Minutes. Pas D&#8217;obligation. Aucun Engagement \u00c0 Acheter. Finance It * SOUS R\u00c9SERVE D&#8217;UNE APPROBATION DE CR\u00c9DIT. LE TAUX D&#8217;INT\u00c9R\u00caT R\u00c9EL, LE SEUIL DU MONTANT D&#8217;ACHAT, LES PAIEMENTS ET LES CONDITIONS SONT SUJETS \u00c0 MODIFICATION ET [&hellip;]","og_url":"https:\/\/seychelles.ca\/fr\/badu-jet\/","og_site_name":"Piscines et Spas Seychelles Mont\u00e9al","article_publisher":"https:\/\/www.facebook.com\/seychellesspas\/","article_modified_time":"2024-09-30T06:34:39+00:00","og_image":[{"width":300,"height":300,"url":"https:\/\/seychelles.ca\/fr\/wp-content\/uploads\/2021\/03\/Badustream-menu.png","type":"image\/png"}],"twitter_card":"summary_large_image","twitter_misc":{"Est. reading time":"2 minutes"},"schema":{"@context":"https:\/\/schema.org","@graph":[{"@type":"WebPage","@id":"https:\/\/seychelles.ca\/fr\/badu-jet\/","url":"https:\/\/seychelles.ca\/fr\/badu-jet\/","name":"BADU JET - Piscines et Spas Seychelles Mont\u00e9al","isPartOf":{"@id":"https:\/\/seychelles.ca\/fr\/#website"},"primaryImageOfPage":{"@id":"https:\/\/seychelles.ca\/fr\/badu-jet\/#primaryimage"},"image":{"@id":"https:\/\/seychelles.ca\/fr\/badu-jet\/#primaryimage"},"thumbnailUrl":"https:\/\/seychelles.ca\/fr\/wp-content\/uploads\/2021\/03\/Badustream-menu.png","datePublished":"2021-03-21T14:33:14+00:00","dateModified":"2024-09-30T06:34:39+00:00","breadcrumb":{"@id":"https:\/\/seychelles.ca\/fr\/badu-jet\/#breadcrumb"},"inLanguage":"en-CA","potentialAction":[{"@type":"ReadAction","target":["https:\/\/seychelles.ca\/fr\/badu-jet\/"]}]},{"@type":"ImageObject","inLanguage":"en-CA","@id":"https:\/\/seychelles.ca\/fr\/badu-jet\/#primaryimage","url":"https:\/\/seychelles.ca\/fr\/wp-content\/uploads\/2021\/03\/Badustream-menu.png","contentUrl":"https:\/\/seychelles.ca\/fr\/wp-content\/uploads\/2021\/03\/Badustream-menu.png","width":300,"height":300},{"@type":"BreadcrumbList","@id":"https:\/\/seychelles.ca\/fr\/badu-jet\/#breadcrumb","itemListElement":[{"@type":"ListItem","position":1,"name":"Home","item":"https:\/\/seychelles.ca\/fr\/"},{"@type":"ListItem","position":2,"name":"BADU JET"}]},{"@type":"WebSite","@id":"https:\/\/seychelles.ca\/fr\/#website","url":"https:\/\/seychelles.ca\/fr\/","name":"Piscines et Spas Seychelles","description":"Entretien, service, vente et produits pour piscines et spas","publisher":{"@id":"https:\/\/seychelles.ca\/fr\/#organization"},"potentialAction":[{"@type":"SearchAction","target":{"@type":"EntryPoint","urlTemplate":"https:\/\/seychelles.ca\/fr\/?s={search_term_string}"},"query-input":{"@type":"PropertyValueSpecification","valueRequired":true,"valueName":"search_term_string"}}],"inLanguage":"en-CA"},{"@type":"Organization","@id":"https:\/\/seychelles.ca\/fr\/#organization","name":"Seychelles Piscines And Spas","url":"https:\/\/seychelles.ca\/fr\/","logo":{"@type":"ImageObject","inLanguage":"en-CA","@id":"https:\/\/seychelles.ca\/fr\/#\/schema\/logo\/image\/","url":"https:\/\/seychelles.ca\/fr\/wp-content\/uploads\/2019\/03\/cropped-logo.png","contentUrl":"https:\/\/seychelles.ca\/fr\/wp-content\/uploads\/2019\/03\/cropped-logo.png","width":375,"height":80,"caption":"Seychelles Piscines And Spas"},"image":{"@id":"https:\/\/seychelles.ca\/fr\/#\/schema\/logo\/image\/"},"sameAs":["https:\/\/www.facebook.com\/seychellesspas\/"]}]}},"_links":{"self":[{"href":"https:\/\/seychelles.ca\/fr\/wp-json\/wp\/v2\/pages\/2860"}],"collection":[{"href":"https:\/\/seychelles.ca\/fr\/wp-json\/wp\/v2\/pages"}],"about":[{"href":"https:\/\/seychelles.ca\/fr\/wp-json\/wp\/v2\/types\/page"}],"author":[{"embeddable":true,"href":"https:\/\/seychelles.ca\/fr\/wp-json\/wp\/v2\/users\/4"}],"replies":[{"embeddable":true,"href":"https:\/\/seychelles.ca\/fr\/wp-json\/wp\/v2\/comments?post=2860"}],"version-history":[{"count":41,"href":"https:\/\/seychelles.ca\/fr\/wp-json\/wp\/v2\/pages\/2860\/revisions"}],"predecessor-version":[{"id":17220,"href":"https:\/\/seychelles.ca\/fr\/wp-json\/wp\/v2\/pages\/2860\/revisions\/17220"}],"wp:featuredmedia":[{"embeddable":true,"href":"https:\/\/seychelles.ca\/fr\/wp-json\/wp\/v2\/media\/2866"}],"wp:attachment":[{"href":"https:\/\/seychelles.ca\/fr\/wp-json\/wp\/v2\/media?parent=2860"}],"curies":[{"name":"wp","href":"https:\/\/api.w.org\/{rel}","templated":true}]}}